{"id":1301,"date":"2025-04-18T08:08:01","date_gmt":"2025-04-18T06:08:01","guid":{"rendered":"https:\/\/www.regionalis.shop\/naturtraeume\/product\/weihnachtlicher-stern-mit-beleuchtung-und-merry-christmas-schild\/"},"modified":"2025-04-18T08:08:01","modified_gmt":"2025-04-18T06:08:01","slug":"weihnachtlicher-stern-mit-beleuchtung-und-merry-christmas-schild","status":"publish","type":"product","link":"https:\/\/www.regionalis.shop\/naturtraeume\/shop\/weihnachtlicher-stern-mit-beleuchtung-und-merry-christmas-schild\/","title":{"rendered":"Weihnachtlicher Stern mit Beleuchtung und &#8222;Merry Christmas&#8220;-Schild"},"content":{"rendered":"<p>Dieser weihnachtliche Stern besteht aus einem Drahtgestell, welches mit einem Jutegarn umwickelt wurde.<br \/>\nZus\u00e4tzlich ist der Stern mit einer d\u00fcnnen Lichterkette (inkl. Timer) umwickelt.<\/p>\n<p>Anschlie\u00dfend wurde er mit viel Liebe zum Detail durch, Orangenscheiben, Zapfen, Sterne und Zimt weihnachtlich verziert.<br \/>\nEin ganz besonderer Hingucker ist das nussfarben gebeizte, kleine Schild mit der Aufschrift &#8222;Merry Christmass&#8220;, welche wei\u00df aufgeplottet ist.<\/p>\n<p>Durchmesser: ca. 30cm<\/p>\n","protected":false},"excerpt":{"rendered":"<p>Dieser weihnachtliche Stern besteht aus einem Drahtgestell, welches mit einem Jutegarn umwickelt wurde. Zus\u00e4tzlich ist der Stern mit einer d\u00fcnnen Lichterkette (inkl. Timer) umwickelt. Anschlie\u00dfend wurde er mit viel Liebe zum Detail durch, Orangenscheiben, Zapfen, Sterne und Zimt weihnachtlich verziert. Ein ganz besonderer Hingucker ist das nussfarben gebeizte, kleine Schild mit der Aufschrift &#8222;Merry Christmass&#8220;, &hellip; <a href=\"https:\/\/www.regionalis.shop\/naturtraeume\/shop\/weihnachtlicher-stern-mit-beleuchtung-und-merry-christmas-schild\/\">Continued<\/a><\/p>\n","protected":false},"featured_media":1302,"template":"","meta":{"_acf_changed":false},"product_brand":[],"product_cat":[173,103],"product_tag":[],"class_list":{"0":"post-1301","1":"product","2":"type-product","3":"status-publish","4":"has-post-thumbnail","6":"product_cat-weihnachten","7":"product_cat-wohnen-deko","9":"first","10":"instock","11":"purchasable","12":"product-type-simple"},"acf":[],"_links":{"self":[{"href":"https:\/\/www.regionalis.shop\/naturtraeume\/wp-json\/wp\/v2\/product\/1301","targetHints":{"allow":["GET"]}}],"collection":[{"href":"https:\/\/www.regionalis.shop\/naturtraeume\/wp-json\/wp\/v2\/product"}],"about":[{"href":"https:\/\/www.regionalis.shop\/naturtraeume\/wp-json\/wp\/v2\/types\/product"}],"wp:featuredmedia":[{"embeddable":true,"href":"https:\/\/www.regionalis.shop\/naturtraeume\/wp-json\/wp\/v2\/media\/1302"}],"wp:attachment":[{"href":"https:\/\/www.regionalis.shop\/naturtraeume\/wp-json\/wp\/v2\/media?parent=1301"}],"wp:term":[{"taxonomy":"product_brand","embeddable":true,"href":"https:\/\/www.regionalis.shop\/naturtraeume\/wp-json\/wp\/v2\/product_brand?post=1301"},{"taxonomy":"product_cat","embeddable":true,"href":"https:\/\/www.regionalis.shop\/naturtraeume\/wp-json\/wp\/v2\/product_cat?post=1301"},{"taxonomy":"product_tag","embeddable":true,"href":"https:\/\/www.regionalis.shop\/naturtraeume\/wp-json\/wp\/v2\/product_tag?post=1301"}],"curies":[{"name":"wp","href":"https:\/\/api.w.org\/{rel}","templated":true}]}}