{"id":1311,"date":"2025-04-18T08:07:05","date_gmt":"2025-04-18T06:07:05","guid":{"rendered":"https:\/\/www.regionalis.shop\/naturtraeume\/product\/weihnachts-geschenksanhaenger-aus-holz-natur\/"},"modified":"2025-04-18T08:07:05","modified_gmt":"2025-04-18T06:07:05","slug":"weihnachts-geschenksanhaenger-aus-holz-natur","status":"publish","type":"product","link":"https:\/\/www.regionalis.shop\/naturtraeume\/shop\/weihnachts-geschenksanhaenger-aus-holz-natur\/","title":{"rendered":"Weihnachts-Geschenksanh\u00e4nger aus Holz &#8211; natur"},"content":{"rendered":"<p>Dieser kleine Holz-Christbaumkugel-Anh\u00e4nger peppt jedes Weihnachtsgeschenk auf.<\/p>\n<p>Der Anh\u00e4nger ist per Hand ausges\u00e4gt und geschliffen.<br \/>\nMit dem Laser wurden der Schriftzug &#8222;Merry Christmas&#8220; bzw. die Sterne und Schneeflocken in den Anh\u00e4nger eingraviert.<\/p>\n<p>Als Aufh\u00e4nger dient eine Baumwollkordel.<\/p>\n<p>Der Anh\u00e4nger kann auch gerne als Christbaumschmuck verwendet werden.<\/p>\n<p>Durchmesser: 7cm<\/p>\n","protected":false},"excerpt":{"rendered":"<p>Dieser kleine Holz-Christbaumkugel-Anh\u00e4nger peppt jedes Weihnachtsgeschenk auf. Der Anh\u00e4nger ist per Hand ausges\u00e4gt und geschliffen. Mit dem Laser wurden der Schriftzug &#8222;Merry Christmas&#8220; bzw. die Sterne und Schneeflocken in den Anh\u00e4nger eingraviert. Als Aufh\u00e4nger dient eine Baumwollkordel. Der Anh\u00e4nger kann auch gerne als Christbaumschmuck verwendet werden. Durchmesser: 7cm<\/p>\n","protected":false},"featured_media":1312,"template":"","meta":{"_acf_changed":false},"product_brand":[],"product_cat":[135,62],"product_tag":[],"class_list":{"0":"post-1311","1":"product","2":"type-product","3":"status-publish","4":"has-post-thumbnail","6":"product_cat-geschenkanhaenger","7":"product_cat-papeterie-schreibwaren","9":"first","10":"instock","11":"purchasable","12":"product-type-simple"},"acf":[],"_links":{"self":[{"href":"https:\/\/www.regionalis.shop\/naturtraeume\/wp-json\/wp\/v2\/product\/1311","targetHints":{"allow":["GET"]}}],"collection":[{"href":"https:\/\/www.regionalis.shop\/naturtraeume\/wp-json\/wp\/v2\/product"}],"about":[{"href":"https:\/\/www.regionalis.shop\/naturtraeume\/wp-json\/wp\/v2\/types\/product"}],"wp:featuredmedia":[{"embeddable":true,"href":"https:\/\/www.regionalis.shop\/naturtraeume\/wp-json\/wp\/v2\/media\/1312"}],"wp:attachment":[{"href":"https:\/\/www.regionalis.shop\/naturtraeume\/wp-json\/wp\/v2\/media?parent=1311"}],"wp:term":[{"taxonomy":"product_brand","embeddable":true,"href":"https:\/\/www.regionalis.shop\/naturtraeume\/wp-json\/wp\/v2\/product_brand?post=1311"},{"taxonomy":"product_cat","embeddable":true,"href":"https:\/\/www.regionalis.shop\/naturtraeume\/wp-json\/wp\/v2\/product_cat?post=1311"},{"taxonomy":"product_tag","embeddable":true,"href":"https:\/\/www.regionalis.shop\/naturtraeume\/wp-json\/wp\/v2\/product_tag?post=1311"}],"curies":[{"name":"wp","href":"https:\/\/api.w.org\/{rel}","templated":true}]}}