{"id":1316,"date":"2025-04-18T08:07:05","date_gmt":"2025-04-18T06:07:05","guid":{"rendered":"https:\/\/www.regionalis.shop\/naturtraeume\/product\/weihnachts-geschenksanhaenger-aus-holz-nuss\/"},"modified":"2025-04-18T08:07:05","modified_gmt":"2025-04-18T06:07:05","slug":"weihnachts-geschenksanhaenger-aus-holz-nuss","status":"publish","type":"product","link":"https:\/\/www.regionalis.shop\/naturtraeume\/shop\/weihnachts-geschenksanhaenger-aus-holz-nuss\/","title":{"rendered":"Weihnachts-Geschenksanh\u00e4nger aus Holz &#8211; nuss"},"content":{"rendered":"<p>Dieser kleine Holz-Christbaumkugel-Anh\u00e4nger peppt jedes Weihnachtsgeschenk auf.<\/p>\n<p>Der Anh\u00e4nger ist per Hand ausges\u00e4gt, geschliffen und in der Farbe &#8222;Nuss&#8220; gebeizt.<br \/>\nDer Schriftzug &#8222;Merry Christmas&#8220; bzw. Schneeflocken wurden in wei\u00df auf den Anh\u00e4nger geplottet.<br \/>\nDer Aufdruck ist auf beiden Seiten des Anh\u00e4ngers.<\/p>\n<p>Als Aufh\u00e4nger dient eine Baumwollkordel.<\/p>\n<p>Der Anh\u00e4nger kann auch gerne als Christbaumschmuck verwendet werden.<\/p>\n<p>Durchmesser: 7cm<\/p>\n","protected":false},"excerpt":{"rendered":"<p>Dieser kleine Holz-Christbaumkugel-Anh\u00e4nger peppt jedes Weihnachtsgeschenk auf. Der Anh\u00e4nger ist per Hand ausges\u00e4gt, geschliffen und in der Farbe &#8222;Nuss&#8220; gebeizt. Der Schriftzug &#8222;Merry Christmas&#8220; bzw. Schneeflocken wurden in wei\u00df auf den Anh\u00e4nger geplottet. Der Aufdruck ist auf beiden Seiten des Anh\u00e4ngers. Als Aufh\u00e4nger dient eine Baumwollkordel. Der Anh\u00e4nger kann auch gerne als Christbaumschmuck verwendet werden. &hellip; <a href=\"https:\/\/www.regionalis.shop\/naturtraeume\/shop\/weihnachts-geschenksanhaenger-aus-holz-nuss\/\">Continued<\/a><\/p>\n","protected":false},"featured_media":1317,"template":"","meta":{"_acf_changed":false},"product_brand":[],"product_cat":[135,62],"product_tag":[],"class_list":{"0":"post-1316","1":"product","2":"type-product","3":"status-publish","4":"has-post-thumbnail","6":"product_cat-geschenkanhaenger","7":"product_cat-papeterie-schreibwaren","9":"first","10":"instock","11":"purchasable","12":"product-type-simple"},"acf":[],"_links":{"self":[{"href":"https:\/\/www.regionalis.shop\/naturtraeume\/wp-json\/wp\/v2\/product\/1316","targetHints":{"allow":["GET"]}}],"collection":[{"href":"https:\/\/www.regionalis.shop\/naturtraeume\/wp-json\/wp\/v2\/product"}],"about":[{"href":"https:\/\/www.regionalis.shop\/naturtraeume\/wp-json\/wp\/v2\/types\/product"}],"wp:featuredmedia":[{"embeddable":true,"href":"https:\/\/www.regionalis.shop\/naturtraeume\/wp-json\/wp\/v2\/media\/1317"}],"wp:attachment":[{"href":"https:\/\/www.regionalis.shop\/naturtraeume\/wp-json\/wp\/v2\/media?parent=1316"}],"wp:term":[{"taxonomy":"product_brand","embeddable":true,"href":"https:\/\/www.regionalis.shop\/naturtraeume\/wp-json\/wp\/v2\/product_brand?post=1316"},{"taxonomy":"product_cat","embeddable":true,"href":"https:\/\/www.regionalis.shop\/naturtraeume\/wp-json\/wp\/v2\/product_cat?post=1316"},{"taxonomy":"product_tag","embeddable":true,"href":"https:\/\/www.regionalis.shop\/naturtraeume\/wp-json\/wp\/v2\/product_tag?post=1316"}],"curies":[{"name":"wp","href":"https:\/\/api.w.org\/{rel}","templated":true}]}}