{"id":1321,"date":"2025-04-18T08:07:05","date_gmt":"2025-04-18T06:07:05","guid":{"rendered":"https:\/\/www.regionalis.shop\/naturtraeume\/product\/herzen-aufhaenger-aus-keramik-mit-pflanzendruck\/"},"modified":"2025-04-18T08:07:05","modified_gmt":"2025-04-18T06:07:05","slug":"herzen-aufhaenger-aus-keramik-mit-pflanzendruck","status":"publish","type":"product","link":"https:\/\/www.regionalis.shop\/naturtraeume\/shop\/herzen-aufhaenger-aus-keramik-mit-pflanzendruck\/","title":{"rendered":"Herzen-Aufh\u00e4nger aus Keramik mit Pflanzendruck"},"content":{"rendered":"<p>Keramikaufh\u00e4nger in Herzform mit Pflanzendruckmuster.<\/p>\n<p>Das gro\u00dfe Herz wurde durch Lavendel-Pflanzendruck verziert.<br \/>\nDurch Schw\u00e4rzen wurden die Vertiefungen sichtbar gemacht und die Pflanzen  wurden sichtbar.<br \/>\nDie drei kleinen Herzen wurden mittels einer Jutekordel an der Spitze des gro\u00dfen Herzes befestigt.<br \/>\nDas mittlere der kleinen Herzen wurde an der Oberseite dunkelbraun glasiert.<\/p>\n<p>Gesamtl\u00e4nge: ca. 28cm<br \/>\nDurchmesser gro\u00dfes Herz: 10cm<\/p>\n","protected":false},"excerpt":{"rendered":"<p>Keramikaufh\u00e4nger in Herzform mit Pflanzendruckmuster. Das gro\u00dfe Herz wurde durch Lavendel-Pflanzendruck verziert. Durch Schw\u00e4rzen wurden die Vertiefungen sichtbar gemacht und die Pflanzen wurden sichtbar. Die drei kleinen Herzen wurden mittels einer Jutekordel an der Spitze des gro\u00dfen Herzes befestigt. Das mittlere der kleinen Herzen wurde an der Oberseite dunkelbraun glasiert. Gesamtl\u00e4nge: ca. 28cm Durchmesser gro\u00dfes &hellip; <a href=\"https:\/\/www.regionalis.shop\/naturtraeume\/shop\/herzen-aufhaenger-aus-keramik-mit-pflanzendruck\/\">Continued<\/a><\/p>\n","protected":false},"featured_media":1322,"template":"","meta":{"_acf_changed":false},"product_brand":[],"product_cat":[174,103],"product_tag":[],"class_list":{"0":"post-1321","1":"product","2":"type-product","3":"status-publish","4":"has-post-thumbnail","6":"product_cat-wohndekoration","7":"product_cat-wohnen-deko","9":"first","10":"instock","11":"purchasable","12":"product-type-simple"},"acf":[],"_links":{"self":[{"href":"https:\/\/www.regionalis.shop\/naturtraeume\/wp-json\/wp\/v2\/product\/1321","targetHints":{"allow":["GET"]}}],"collection":[{"href":"https:\/\/www.regionalis.shop\/naturtraeume\/wp-json\/wp\/v2\/product"}],"about":[{"href":"https:\/\/www.regionalis.shop\/naturtraeume\/wp-json\/wp\/v2\/types\/product"}],"wp:featuredmedia":[{"embeddable":true,"href":"https:\/\/www.regionalis.shop\/naturtraeume\/wp-json\/wp\/v2\/media\/1322"}],"wp:attachment":[{"href":"https:\/\/www.regionalis.shop\/naturtraeume\/wp-json\/wp\/v2\/media?parent=1321"}],"wp:term":[{"taxonomy":"product_brand","embeddable":true,"href":"https:\/\/www.regionalis.shop\/naturtraeume\/wp-json\/wp\/v2\/product_brand?post=1321"},{"taxonomy":"product_cat","embeddable":true,"href":"https:\/\/www.regionalis.shop\/naturtraeume\/wp-json\/wp\/v2\/product_cat?post=1321"},{"taxonomy":"product_tag","embeddable":true,"href":"https:\/\/www.regionalis.shop\/naturtraeume\/wp-json\/wp\/v2\/product_tag?post=1321"}],"curies":[{"name":"wp","href":"https:\/\/api.w.org\/{rel}","templated":true}]}}