{"id":1340,"date":"2025-04-18T08:06:15","date_gmt":"2025-04-18T06:06:15","guid":{"rendered":"https:\/\/www.regionalis.shop\/naturtraeume\/product\/holz-schild-kuschelecke\/"},"modified":"2025-04-18T08:06:15","modified_gmt":"2025-04-18T06:06:15","slug":"holz-schild-kuschelecke","status":"publish","type":"product","link":"https:\/\/www.regionalis.shop\/naturtraeume\/shop\/holz-schild-kuschelecke\/","title":{"rendered":"Holz-Schild &#8222;Kuschelecke&#8220;"},"content":{"rendered":"<p>Dieses s\u00fc\u00dfe Holzschild mit Schriftzug l\u00e4sst sich vielf\u00e4ltig in eurer Dekoration verwenden oder ist auch ein tolles Geschenk.<\/p>\n<p>Das Holzbrett wurde in der Farbe Nussbaum gebeizt, um ihm eine sch\u00f6ne dunkelbraune Farbe zu verleihen.<br \/>\nDer Schriftzug &#8222;Kuschelecke&#8220; wurde anschlie\u00dfend in wei\u00df aufgeplottet. <\/p>\n<p>L\u00e4nge: ca. 32cm<br \/>\nH\u00f6he: ca. 6,5cm<\/p>\n","protected":false},"excerpt":{"rendered":"<p>Dieses s\u00fc\u00dfe Holzschild mit Schriftzug l\u00e4sst sich vielf\u00e4ltig in eurer Dekoration verwenden oder ist auch ein tolles Geschenk. Das Holzbrett wurde in der Farbe Nussbaum gebeizt, um ihm eine sch\u00f6ne dunkelbraune Farbe zu verleihen. Der Schriftzug &#8222;Kuschelecke&#8220; wurde anschlie\u00dfend in wei\u00df aufgeplottet. L\u00e4nge: ca. 32cm H\u00f6he: ca. 6,5cm<\/p>\n","protected":false},"featured_media":1341,"template":"","meta":{"_acf_changed":false},"product_brand":[],"product_cat":[174,103],"product_tag":[],"class_list":{"0":"post-1340","1":"product","2":"type-product","3":"status-publish","4":"has-post-thumbnail","6":"product_cat-wohndekoration","7":"product_cat-wohnen-deko","9":"first","10":"instock","11":"purchasable","12":"product-type-simple"},"acf":[],"_links":{"self":[{"href":"https:\/\/www.regionalis.shop\/naturtraeume\/wp-json\/wp\/v2\/product\/1340","targetHints":{"allow":["GET"]}}],"collection":[{"href":"https:\/\/www.regionalis.shop\/naturtraeume\/wp-json\/wp\/v2\/product"}],"about":[{"href":"https:\/\/www.regionalis.shop\/naturtraeume\/wp-json\/wp\/v2\/types\/product"}],"wp:featuredmedia":[{"embeddable":true,"href":"https:\/\/www.regionalis.shop\/naturtraeume\/wp-json\/wp\/v2\/media\/1341"}],"wp:attachment":[{"href":"https:\/\/www.regionalis.shop\/naturtraeume\/wp-json\/wp\/v2\/media?parent=1340"}],"wp:term":[{"taxonomy":"product_brand","embeddable":true,"href":"https:\/\/www.regionalis.shop\/naturtraeume\/wp-json\/wp\/v2\/product_brand?post=1340"},{"taxonomy":"product_cat","embeddable":true,"href":"https:\/\/www.regionalis.shop\/naturtraeume\/wp-json\/wp\/v2\/product_cat?post=1340"},{"taxonomy":"product_tag","embeddable":true,"href":"https:\/\/www.regionalis.shop\/naturtraeume\/wp-json\/wp\/v2\/product_tag?post=1340"}],"curies":[{"name":"wp","href":"https:\/\/api.w.org\/{rel}","templated":true}]}}