{"id":1343,"date":"2025-04-18T08:06:15","date_gmt":"2025-04-18T06:06:15","guid":{"rendered":"https:\/\/www.regionalis.shop\/naturtraeume\/product\/ringschale-aus-keramik\/"},"modified":"2025-04-18T08:06:15","modified_gmt":"2025-04-18T06:06:15","slug":"ringschale-aus-keramik","status":"publish","type":"product","link":"https:\/\/www.regionalis.shop\/naturtraeume\/shop\/ringschale-aus-keramik\/","title":{"rendered":"Ringschale aus Keramik"},"content":{"rendered":"<p>Diese Ringschale ist der Hingucker auf eurer Hochzeit!<\/p>\n<p>Die Schale wird per Hand aus wei\u00dfem Ton get\u00f6pfert.<br \/>\nDie \u00c4hre sowie Name und Datum werden in den Ton gestempelt und anschlie\u00dfend durch Schw\u00e4rzen sichtbar gemacht.<br \/>\nDie Unterseite der Schale ist in Holzoptik.<\/p>\n<p>Auf dem d\u00fcnnen, wei\u00dfen Organzaband, welches durch 2 kleine L\u00f6cher gef\u00e4delt wird, k\u00f6nnen die beiden Ringe aufgef\u00e4delt werden.<\/p>\n<p>Durchmesser: 14cm<br \/>\nH\u00f6he: 2cm<\/p>\n","protected":false},"excerpt":{"rendered":"<p>Diese Ringschale ist der Hingucker auf eurer Hochzeit! Die Schale wird per Hand aus wei\u00dfem Ton get\u00f6pfert. Die \u00c4hre sowie Name und Datum werden in den Ton gestempelt und anschlie\u00dfend durch Schw\u00e4rzen sichtbar gemacht. Die Unterseite der Schale ist in Holzoptik. Auf dem d\u00fcnnen, wei\u00dfen Organzaband, welches durch 2 kleine L\u00f6cher gef\u00e4delt wird, k\u00f6nnen die &hellip; <a href=\"https:\/\/www.regionalis.shop\/naturtraeume\/shop\/ringschale-aus-keramik\/\">Continued<\/a><\/p>\n","protected":false},"featured_media":1344,"template":"","meta":{"_acf_changed":false},"product_brand":[],"product_cat":[162,83],"product_tag":[],"class_list":{"0":"post-1343","1":"product","2":"type-product","3":"status-publish","4":"has-post-thumbnail","6":"product_cat-null","7":"product_cat-sonstiges","9":"first","10":"instock","11":"purchasable","12":"product-type-simple"},"acf":[],"_links":{"self":[{"href":"https:\/\/www.regionalis.shop\/naturtraeume\/wp-json\/wp\/v2\/product\/1343","targetHints":{"allow":["GET"]}}],"collection":[{"href":"https:\/\/www.regionalis.shop\/naturtraeume\/wp-json\/wp\/v2\/product"}],"about":[{"href":"https:\/\/www.regionalis.shop\/naturtraeume\/wp-json\/wp\/v2\/types\/product"}],"wp:featuredmedia":[{"embeddable":true,"href":"https:\/\/www.regionalis.shop\/naturtraeume\/wp-json\/wp\/v2\/media\/1344"}],"wp:attachment":[{"href":"https:\/\/www.regionalis.shop\/naturtraeume\/wp-json\/wp\/v2\/media?parent=1343"}],"wp:term":[{"taxonomy":"product_brand","embeddable":true,"href":"https:\/\/www.regionalis.shop\/naturtraeume\/wp-json\/wp\/v2\/product_brand?post=1343"},{"taxonomy":"product_cat","embeddable":true,"href":"https:\/\/www.regionalis.shop\/naturtraeume\/wp-json\/wp\/v2\/product_cat?post=1343"},{"taxonomy":"product_tag","embeddable":true,"href":"https:\/\/www.regionalis.shop\/naturtraeume\/wp-json\/wp\/v2\/product_tag?post=1343"}],"curies":[{"name":"wp","href":"https:\/\/api.w.org\/{rel}","templated":true}]}}