{"id":1348,"date":"2025-04-18T07:54:39","date_gmt":"2025-04-18T05:54:39","guid":{"rendered":"https:\/\/www.regionalis.shop\/naturtraeume\/product\/keramik-herz-mit-pflanzendruck\/"},"modified":"2025-04-18T07:54:39","modified_gmt":"2025-04-18T05:54:39","slug":"keramik-herz-mit-pflanzendruck","status":"publish","type":"product","link":"https:\/\/www.regionalis.shop\/naturtraeume\/shop\/keramik-herz-mit-pflanzendruck\/","title":{"rendered":"Keramik-Herz mit Pflanzendruck"},"content":{"rendered":"<p>Dieses handgemachte Herz aus Keramik wurde aus wei\u00dfem Ton gefertigt.<\/p>\n<p>An der Oberseite ist es durch Pflanzendruck-Muster verziert.<\/p>\n<p>Die Vertiefungen wurden geschw\u00e4rzt und dadurch sichtbar gemacht.<\/p>\n<p>H\u00f6he: 14cm<br \/>\nBreite: 13cm<br \/>\nDicke: 3,5cm<\/p>\n","protected":false},"excerpt":{"rendered":"<p>Dieses handgemachte Herz aus Keramik wurde aus wei\u00dfem Ton gefertigt. An der Oberseite ist es durch Pflanzendruck-Muster verziert. Die Vertiefungen wurden geschw\u00e4rzt und dadurch sichtbar gemacht. H\u00f6he: 14cm Breite: 13cm Dicke: 3,5cm<\/p>\n","protected":false},"featured_media":1349,"template":"","meta":{"_acf_changed":false},"product_brand":[],"product_cat":[174,103],"product_tag":[],"class_list":{"0":"post-1348","1":"product","2":"type-product","3":"status-publish","4":"has-post-thumbnail","6":"product_cat-wohndekoration","7":"product_cat-wohnen-deko","9":"first","10":"instock","11":"purchasable","12":"product-type-simple"},"acf":[],"_links":{"self":[{"href":"https:\/\/www.regionalis.shop\/naturtraeume\/wp-json\/wp\/v2\/product\/1348","targetHints":{"allow":["GET"]}}],"collection":[{"href":"https:\/\/www.regionalis.shop\/naturtraeume\/wp-json\/wp\/v2\/product"}],"about":[{"href":"https:\/\/www.regionalis.shop\/naturtraeume\/wp-json\/wp\/v2\/types\/product"}],"wp:featuredmedia":[{"embeddable":true,"href":"https:\/\/www.regionalis.shop\/naturtraeume\/wp-json\/wp\/v2\/media\/1349"}],"wp:attachment":[{"href":"https:\/\/www.regionalis.shop\/naturtraeume\/wp-json\/wp\/v2\/media?parent=1348"}],"wp:term":[{"taxonomy":"product_brand","embeddable":true,"href":"https:\/\/www.regionalis.shop\/naturtraeume\/wp-json\/wp\/v2\/product_brand?post=1348"},{"taxonomy":"product_cat","embeddable":true,"href":"https:\/\/www.regionalis.shop\/naturtraeume\/wp-json\/wp\/v2\/product_cat?post=1348"},{"taxonomy":"product_tag","embeddable":true,"href":"https:\/\/www.regionalis.shop\/naturtraeume\/wp-json\/wp\/v2\/product_tag?post=1348"}],"curies":[{"name":"wp","href":"https:\/\/api.w.org\/{rel}","templated":true}]}}