{"id":1359,"date":"2025-04-18T07:53:12","date_gmt":"2025-04-18T05:53:12","guid":{"rendered":"https:\/\/www.regionalis.shop\/naturtraeume\/product\/ringkissen-aus-altholz\/"},"modified":"2025-04-18T07:53:12","modified_gmt":"2025-04-18T05:53:12","slug":"ringkissen-aus-altholz","status":"publish","type":"product","link":"https:\/\/www.regionalis.shop\/naturtraeume\/shop\/ringkissen-aus-altholz\/","title":{"rendered":"Ringkissen aus Altholz"},"content":{"rendered":"<p>Dieses Ringkissen ist der Hingucker auf eurer Hochzeit!<\/p>\n<p>Das Altholzbrett wurde mit zwei handgemachten Keramik-Herzen, welche durch Pflanzen-Druck entstanden sind, sowie durch beige B\u00e4nder und einen getrockneten Eukalyptuszweig verziert.<\/p>\n<p>Auf dem d\u00fcnnen, beigen Band k\u00f6nnen die beiden Ringe aufgef\u00e4delt und auf das gro\u00dfe Herz gelegt werden.<\/p>\n<p>Die Namen sind auf einem elfenbeinfarbenen Papier aufgedruckt.<\/p>\n<p>Holz: alte L\u00e4rchenholzschindel<\/p>\n<p>L\u00e4nge: ca. 23cm<br \/>\nBreite: ca. 18cm<\/p>\n","protected":false},"excerpt":{"rendered":"<p>Dieses Ringkissen ist der Hingucker auf eurer Hochzeit! Das Altholzbrett wurde mit zwei handgemachten Keramik-Herzen, welche durch Pflanzen-Druck entstanden sind, sowie durch beige B\u00e4nder und einen getrockneten Eukalyptuszweig verziert. Auf dem d\u00fcnnen, beigen Band k\u00f6nnen die beiden Ringe aufgef\u00e4delt und auf das gro\u00dfe Herz gelegt werden. Die Namen sind auf einem elfenbeinfarbenen Papier aufgedruckt. Holz: &hellip; <a href=\"https:\/\/www.regionalis.shop\/naturtraeume\/shop\/ringkissen-aus-altholz\/\">Continued<\/a><\/p>\n","protected":false},"featured_media":1360,"template":"","meta":{"_acf_changed":false},"product_brand":[],"product_cat":[162,83],"product_tag":[],"class_list":{"0":"post-1359","1":"product","2":"type-product","3":"status-publish","4":"has-post-thumbnail","6":"product_cat-null","7":"product_cat-sonstiges","9":"first","10":"instock","11":"purchasable","12":"product-type-simple"},"acf":[],"_links":{"self":[{"href":"https:\/\/www.regionalis.shop\/naturtraeume\/wp-json\/wp\/v2\/product\/1359","targetHints":{"allow":["GET"]}}],"collection":[{"href":"https:\/\/www.regionalis.shop\/naturtraeume\/wp-json\/wp\/v2\/product"}],"about":[{"href":"https:\/\/www.regionalis.shop\/naturtraeume\/wp-json\/wp\/v2\/types\/product"}],"wp:featuredmedia":[{"embeddable":true,"href":"https:\/\/www.regionalis.shop\/naturtraeume\/wp-json\/wp\/v2\/media\/1360"}],"wp:attachment":[{"href":"https:\/\/www.regionalis.shop\/naturtraeume\/wp-json\/wp\/v2\/media?parent=1359"}],"wp:term":[{"taxonomy":"product_brand","embeddable":true,"href":"https:\/\/www.regionalis.shop\/naturtraeume\/wp-json\/wp\/v2\/product_brand?post=1359"},{"taxonomy":"product_cat","embeddable":true,"href":"https:\/\/www.regionalis.shop\/naturtraeume\/wp-json\/wp\/v2\/product_cat?post=1359"},{"taxonomy":"product_tag","embeddable":true,"href":"https:\/\/www.regionalis.shop\/naturtraeume\/wp-json\/wp\/v2\/product_tag?post=1359"}],"curies":[{"name":"wp","href":"https:\/\/api.w.org\/{rel}","templated":true}]}}