{"id":1368,"date":"2025-04-18T07:47:50","date_gmt":"2025-04-18T05:47:50","guid":{"rendered":"https:\/\/www.regionalis.shop\/naturtraeume\/product\/leuchtkugel-gross\/"},"modified":"2025-04-18T07:47:50","modified_gmt":"2025-04-18T05:47:50","slug":"leuchtkugel-gross","status":"publish","type":"product","link":"https:\/\/www.regionalis.shop\/naturtraeume\/shop\/leuchtkugel-gross\/","title":{"rendered":"Leuchtkugel &#8211; gro\u00df"},"content":{"rendered":"<p>Diese handgemachte Leucht-Kugel aus Keramik wurde aus wei\u00dfem Ton gefertigt und mit einem Lochmuster verziert.<\/p>\n<p>An der Au\u00dfenseite ist die Kugel wei\u00df-gl\u00e4nzend glasiert.<\/p>\n<p>An der Unterseite befindet sich ein Loch, durch das ein Teelicht oder auch eine elektrische Lichterkette in die Kugel gelegt werden kann.<\/p>\n<p>Die Kugel ist sowohl tags\u00fcber, also auch abends sch\u00f6n anzusehen und ein Hingucker.<\/p>\n<p>Durchmesser: 14cm<\/p>\n<p>Die Beleuchtung ist nicht im Lieferumfang enthalten.<\/p>\n","protected":false},"excerpt":{"rendered":"<p>Diese handgemachte Leucht-Kugel aus Keramik wurde aus wei\u00dfem Ton gefertigt und mit einem Lochmuster verziert. An der Au\u00dfenseite ist die Kugel wei\u00df-gl\u00e4nzend glasiert. An der Unterseite befindet sich ein Loch, durch das ein Teelicht oder auch eine elektrische Lichterkette in die Kugel gelegt werden kann. Die Kugel ist sowohl tags\u00fcber, also auch abends sch\u00f6n anzusehen &hellip; <a href=\"https:\/\/www.regionalis.shop\/naturtraeume\/shop\/leuchtkugel-gross\/\">Continued<\/a><\/p>\n","protected":false},"featured_media":1369,"template":"","meta":{"_acf_changed":false},"product_brand":[],"product_cat":[174,103],"product_tag":[],"class_list":{"0":"post-1368","1":"product","2":"type-product","3":"status-publish","4":"has-post-thumbnail","6":"product_cat-wohndekoration","7":"product_cat-wohnen-deko","9":"first","10":"instock","11":"purchasable","12":"product-type-simple"},"acf":[],"_links":{"self":[{"href":"https:\/\/www.regionalis.shop\/naturtraeume\/wp-json\/wp\/v2\/product\/1368","targetHints":{"allow":["GET"]}}],"collection":[{"href":"https:\/\/www.regionalis.shop\/naturtraeume\/wp-json\/wp\/v2\/product"}],"about":[{"href":"https:\/\/www.regionalis.shop\/naturtraeume\/wp-json\/wp\/v2\/types\/product"}],"wp:featuredmedia":[{"embeddable":true,"href":"https:\/\/www.regionalis.shop\/naturtraeume\/wp-json\/wp\/v2\/media\/1369"}],"wp:attachment":[{"href":"https:\/\/www.regionalis.shop\/naturtraeume\/wp-json\/wp\/v2\/media?parent=1368"}],"wp:term":[{"taxonomy":"product_brand","embeddable":true,"href":"https:\/\/www.regionalis.shop\/naturtraeume\/wp-json\/wp\/v2\/product_brand?post=1368"},{"taxonomy":"product_cat","embeddable":true,"href":"https:\/\/www.regionalis.shop\/naturtraeume\/wp-json\/wp\/v2\/product_cat?post=1368"},{"taxonomy":"product_tag","embeddable":true,"href":"https:\/\/www.regionalis.shop\/naturtraeume\/wp-json\/wp\/v2\/product_tag?post=1368"}],"curies":[{"name":"wp","href":"https:\/\/api.w.org\/{rel}","templated":true}]}}