{"id":1373,"date":"2025-04-18T07:47:50","date_gmt":"2025-04-18T05:47:50","guid":{"rendered":"https:\/\/www.regionalis.shop\/naturtraeume\/product\/personalisierter-bilderrahmen-als-geldgeschenk\/"},"modified":"2025-04-18T07:47:50","modified_gmt":"2025-04-18T05:47:50","slug":"personalisierter-bilderrahmen-als-geldgeschenk","status":"publish","type":"product","link":"https:\/\/www.regionalis.shop\/naturtraeume\/shop\/personalisierter-bilderrahmen-als-geldgeschenk\/","title":{"rendered":"Personalisierter Bilderrahmen als Geldgeschenk"},"content":{"rendered":"<p>Dieser personalisierte Bilderrahmen ist das perfekte Hochzeits- oder Geburtstagsgeschenk.<\/p>\n<p>Die kleinen Herzen wurden aus dem Holzfurniert herausgelasert. Dadurch k\u00f6nnen die Geldscheine hinter das Holz gelegt werden und scheinen durch die \u00d6ffnungen durch.<\/p>\n<p>Die Personalisierung (z.B. Name) wird nach Wunsch auf das Holz geplottet.<\/p>\n<p>Breite: 32,5cm<br \/>\nH\u00f6he: 23,5cm<br \/>\nTiefe: 4cm<\/p>\n","protected":false},"excerpt":{"rendered":"<p>Dieser personalisierte Bilderrahmen ist das perfekte Hochzeits- oder Geburtstagsgeschenk. Die kleinen Herzen wurden aus dem Holzfurniert herausgelasert. Dadurch k\u00f6nnen die Geldscheine hinter das Holz gelegt werden und scheinen durch die \u00d6ffnungen durch. Die Personalisierung (z.B. Name) wird nach Wunsch auf das Holz geplottet. Breite: 32,5cm H\u00f6he: 23,5cm Tiefe: 4cm<\/p>\n","protected":false},"featured_media":1374,"template":"","meta":{"_acf_changed":false},"product_brand":[],"product_cat":[174,103],"product_tag":[],"class_list":{"0":"post-1373","1":"product","2":"type-product","3":"status-publish","4":"has-post-thumbnail","6":"product_cat-wohndekoration","7":"product_cat-wohnen-deko","9":"first","10":"instock","11":"purchasable","12":"product-type-simple"},"acf":[],"_links":{"self":[{"href":"https:\/\/www.regionalis.shop\/naturtraeume\/wp-json\/wp\/v2\/product\/1373","targetHints":{"allow":["GET"]}}],"collection":[{"href":"https:\/\/www.regionalis.shop\/naturtraeume\/wp-json\/wp\/v2\/product"}],"about":[{"href":"https:\/\/www.regionalis.shop\/naturtraeume\/wp-json\/wp\/v2\/types\/product"}],"wp:featuredmedia":[{"embeddable":true,"href":"https:\/\/www.regionalis.shop\/naturtraeume\/wp-json\/wp\/v2\/media\/1374"}],"wp:attachment":[{"href":"https:\/\/www.regionalis.shop\/naturtraeume\/wp-json\/wp\/v2\/media?parent=1373"}],"wp:term":[{"taxonomy":"product_brand","embeddable":true,"href":"https:\/\/www.regionalis.shop\/naturtraeume\/wp-json\/wp\/v2\/product_brand?post=1373"},{"taxonomy":"product_cat","embeddable":true,"href":"https:\/\/www.regionalis.shop\/naturtraeume\/wp-json\/wp\/v2\/product_cat?post=1373"},{"taxonomy":"product_tag","embeddable":true,"href":"https:\/\/www.regionalis.shop\/naturtraeume\/wp-json\/wp\/v2\/product_tag?post=1373"}],"curies":[{"name":"wp","href":"https:\/\/api.w.org\/{rel}","templated":true}]}}