{"id":1378,"date":"2025-04-18T06:34:49","date_gmt":"2025-04-18T04:34:49","guid":{"rendered":"https:\/\/www.regionalis.shop\/naturtraeume\/product\/fruehlingshaftes-holzhaeuschen-mit-schmetterlingen-gross\/"},"modified":"2025-04-18T06:34:49","modified_gmt":"2025-04-18T04:34:49","slug":"fruehlingshaftes-holzhaeuschen-mit-schmetterlingen-gross","status":"publish","type":"product","link":"https:\/\/www.regionalis.shop\/naturtraeume\/shop\/fruehlingshaftes-holzhaeuschen-mit-schmetterlingen-gross\/","title":{"rendered":"Fr\u00fchlingshaftes Holzh\u00e4uschen mit Schmetterlingen &#8211; gro\u00df"},"content":{"rendered":"<p>Dieses kleine Holzsh\u00e4uschen bringt ganz bestimmt Fr\u00fchlingsstimmung in euer Zuhause!<\/p>\n<p>Das Holzh\u00e4uschen wurde mit wei\u00dfer Kreidefarbe bemalt.<br \/>\nAn der Vorderseite wurde es durch zwei gr\u00fcn und gelb bemalte, kleine Holzschmetterlinge verziert.<\/p>\n<p>H\u00f6he: 12cm<br \/>\nBreite: 7cm<br \/>\nTiefe: 4,5cm<\/p>\n","protected":false},"excerpt":{"rendered":"<p>Dieses kleine Holzsh\u00e4uschen bringt ganz bestimmt Fr\u00fchlingsstimmung in euer Zuhause! Das Holzh\u00e4uschen wurde mit wei\u00dfer Kreidefarbe bemalt. An der Vorderseite wurde es durch zwei gr\u00fcn und gelb bemalte, kleine Holzschmetterlinge verziert. H\u00f6he: 12cm Breite: 7cm Tiefe: 4,5cm<\/p>\n","protected":false},"featured_media":1379,"template":"","meta":{"_acf_changed":false},"product_brand":[],"product_cat":[174,103],"product_tag":[],"class_list":{"0":"post-1378","1":"product","2":"type-product","3":"status-publish","4":"has-post-thumbnail","6":"product_cat-wohndekoration","7":"product_cat-wohnen-deko","9":"first","10":"instock","11":"purchasable","12":"product-type-simple"},"acf":[],"_links":{"self":[{"href":"https:\/\/www.regionalis.shop\/naturtraeume\/wp-json\/wp\/v2\/product\/1378","targetHints":{"allow":["GET"]}}],"collection":[{"href":"https:\/\/www.regionalis.shop\/naturtraeume\/wp-json\/wp\/v2\/product"}],"about":[{"href":"https:\/\/www.regionalis.shop\/naturtraeume\/wp-json\/wp\/v2\/types\/product"}],"wp:featuredmedia":[{"embeddable":true,"href":"https:\/\/www.regionalis.shop\/naturtraeume\/wp-json\/wp\/v2\/media\/1379"}],"wp:attachment":[{"href":"https:\/\/www.regionalis.shop\/naturtraeume\/wp-json\/wp\/v2\/media?parent=1378"}],"wp:term":[{"taxonomy":"product_brand","embeddable":true,"href":"https:\/\/www.regionalis.shop\/naturtraeume\/wp-json\/wp\/v2\/product_brand?post=1378"},{"taxonomy":"product_cat","embeddable":true,"href":"https:\/\/www.regionalis.shop\/naturtraeume\/wp-json\/wp\/v2\/product_cat?post=1378"},{"taxonomy":"product_tag","embeddable":true,"href":"https:\/\/www.regionalis.shop\/naturtraeume\/wp-json\/wp\/v2\/product_tag?post=1378"}],"curies":[{"name":"wp","href":"https:\/\/api.w.org\/{rel}","templated":true}]}}