{"id":1422,"date":"2025-04-18T06:23:35","date_gmt":"2025-04-18T04:23:35","guid":{"rendered":"https:\/\/www.regionalis.shop\/naturtraeume\/product\/altholz-keramik-schluesselbrett-mit-aehren\/"},"modified":"2025-04-18T06:23:35","modified_gmt":"2025-04-18T04:23:35","slug":"altholz-keramik-schluesselbrett-mit-aehren","status":"publish","type":"product","link":"https:\/\/www.regionalis.shop\/naturtraeume\/shop\/altholz-keramik-schluesselbrett-mit-aehren\/","title":{"rendered":"Altholz-Keramik Schl\u00fcsselbrett mit \u00c4hren"},"content":{"rendered":"<p>Dieses einzigartige Schl\u00fcsselbrett ist der Hingucker!<\/p>\n<p>Das Altholzbrett wurde mit einem handgemachten Keramik-Bild, welches durch Pflanzen-Druck von \u00c4hren entstanden ist, verziert.<\/p>\n<p>Unterhalb befinden sich 6 silberne Haken, zum Aufh\u00e4ngen der Schl\u00fcssel.<\/p>\n<p>Auf der R\u00fcckseite befinden sich zwei Haken zum Befestigen.<\/p>\n<p>Holz: alte L\u00e4rchenholzschindel<\/p>\n<p>L\u00e4nge: 30cm<br \/>\nBreite: 19cm<\/p>\n","protected":false},"excerpt":{"rendered":"<p>Dieses einzigartige Schl\u00fcsselbrett ist der Hingucker! Das Altholzbrett wurde mit einem handgemachten Keramik-Bild, welches durch Pflanzen-Druck von \u00c4hren entstanden ist, verziert. Unterhalb befinden sich 6 silberne Haken, zum Aufh\u00e4ngen der Schl\u00fcssel. Auf der R\u00fcckseite befinden sich zwei Haken zum Befestigen. Holz: alte L\u00e4rchenholzschindel L\u00e4nge: 30cm Breite: 19cm<\/p>\n","protected":false},"featured_media":1423,"template":"","meta":{"_acf_changed":false},"product_brand":[],"product_cat":[160,103],"product_tag":[],"class_list":{"0":"post-1422","1":"product","2":"type-product","3":"status-publish","4":"has-post-thumbnail","6":"product_cat-nachhaltiger-haushalt","7":"product_cat-wohnen-deko","9":"first","10":"instock","11":"purchasable","12":"product-type-simple"},"acf":[],"_links":{"self":[{"href":"https:\/\/www.regionalis.shop\/naturtraeume\/wp-json\/wp\/v2\/product\/1422","targetHints":{"allow":["GET"]}}],"collection":[{"href":"https:\/\/www.regionalis.shop\/naturtraeume\/wp-json\/wp\/v2\/product"}],"about":[{"href":"https:\/\/www.regionalis.shop\/naturtraeume\/wp-json\/wp\/v2\/types\/product"}],"wp:featuredmedia":[{"embeddable":true,"href":"https:\/\/www.regionalis.shop\/naturtraeume\/wp-json\/wp\/v2\/media\/1423"}],"wp:attachment":[{"href":"https:\/\/www.regionalis.shop\/naturtraeume\/wp-json\/wp\/v2\/media?parent=1422"}],"wp:term":[{"taxonomy":"product_brand","embeddable":true,"href":"https:\/\/www.regionalis.shop\/naturtraeume\/wp-json\/wp\/v2\/product_brand?post=1422"},{"taxonomy":"product_cat","embeddable":true,"href":"https:\/\/www.regionalis.shop\/naturtraeume\/wp-json\/wp\/v2\/product_cat?post=1422"},{"taxonomy":"product_tag","embeddable":true,"href":"https:\/\/www.regionalis.shop\/naturtraeume\/wp-json\/wp\/v2\/product_tag?post=1422"}],"curies":[{"name":"wp","href":"https:\/\/api.w.org\/{rel}","templated":true}]}}