{"id":1451,"date":"2025-04-18T06:17:11","date_gmt":"2025-04-18T04:17:11","guid":{"rendered":"https:\/\/www.regionalis.shop\/naturtraeume\/product\/keramik-kreuz\/"},"modified":"2025-04-18T06:17:11","modified_gmt":"2025-04-18T04:17:11","slug":"keramik-kreuz","status":"publish","type":"product","link":"https:\/\/www.regionalis.shop\/naturtraeume\/shop\/keramik-kreuz\/","title":{"rendered":"Keramik-Kreuz"},"content":{"rendered":"<p>Dieses handgemachte Kreuz aus Keramik wurde aus wei\u00dfem Ton gefertigt.<br \/>\nAn der Oberseite ist es durch den Schriftzug &#8222;Gott besch\u00fctze dich&#8220; und ein Herz verziert. <\/p>\n<p>Die Vertiefungen wurden geschw\u00e4rzt und dadurch sichtbar gemacht.<br \/>\nDer untere Teil des Kreuzes wurde wei\u00df-gl\u00e4nzend glasiert.<\/p>\n<p>Eine Jutekordel dient als Aufh\u00e4nger.<\/p>\n<p>H\u00f6he: 17,5cm<br \/>\nBreite: 11,5cm<\/p>\n","protected":false},"excerpt":{"rendered":"<p>Dieses handgemachte Kreuz aus Keramik wurde aus wei\u00dfem Ton gefertigt. An der Oberseite ist es durch den Schriftzug &#8222;Gott besch\u00fctze dich&#8220; und ein Herz verziert. Die Vertiefungen wurden geschw\u00e4rzt und dadurch sichtbar gemacht. Der untere Teil des Kreuzes wurde wei\u00df-gl\u00e4nzend glasiert. Eine Jutekordel dient als Aufh\u00e4nger. H\u00f6he: 17,5cm Breite: 11,5cm<\/p>\n","protected":false},"featured_media":1452,"template":"","meta":{"_acf_changed":false},"product_brand":[],"product_cat":[174,103],"product_tag":[],"class_list":{"0":"post-1451","1":"product","2":"type-product","3":"status-publish","4":"has-post-thumbnail","6":"product_cat-wohndekoration","7":"product_cat-wohnen-deko","9":"first","10":"instock","11":"purchasable","12":"product-type-simple"},"acf":[],"_links":{"self":[{"href":"https:\/\/www.regionalis.shop\/naturtraeume\/wp-json\/wp\/v2\/product\/1451","targetHints":{"allow":["GET"]}}],"collection":[{"href":"https:\/\/www.regionalis.shop\/naturtraeume\/wp-json\/wp\/v2\/product"}],"about":[{"href":"https:\/\/www.regionalis.shop\/naturtraeume\/wp-json\/wp\/v2\/types\/product"}],"wp:featuredmedia":[{"embeddable":true,"href":"https:\/\/www.regionalis.shop\/naturtraeume\/wp-json\/wp\/v2\/media\/1452"}],"wp:attachment":[{"href":"https:\/\/www.regionalis.shop\/naturtraeume\/wp-json\/wp\/v2\/media?parent=1451"}],"wp:term":[{"taxonomy":"product_brand","embeddable":true,"href":"https:\/\/www.regionalis.shop\/naturtraeume\/wp-json\/wp\/v2\/product_brand?post=1451"},{"taxonomy":"product_cat","embeddable":true,"href":"https:\/\/www.regionalis.shop\/naturtraeume\/wp-json\/wp\/v2\/product_cat?post=1451"},{"taxonomy":"product_tag","embeddable":true,"href":"https:\/\/www.regionalis.shop\/naturtraeume\/wp-json\/wp\/v2\/product_tag?post=1451"}],"curies":[{"name":"wp","href":"https:\/\/api.w.org\/{rel}","templated":true}]}}