{"id":1460,"date":"2025-04-18T06:17:11","date_gmt":"2025-04-18T04:17:11","guid":{"rendered":"https:\/\/www.regionalis.shop\/naturtraeume\/product\/geschenkanhaenger-fuer-dich\/"},"modified":"2025-04-18T06:17:11","modified_gmt":"2025-04-18T04:17:11","slug":"geschenkanhaenger-fuer-dich","status":"publish","type":"product","link":"https:\/\/www.regionalis.shop\/naturtraeume\/shop\/geschenkanhaenger-fuer-dich\/","title":{"rendered":"Geschenkanh\u00e4nger &#8222;F\u00fcr dich&#8220;"},"content":{"rendered":"<p>Dieser handgemachte Geschenksanh\u00e4nger aus Keramik wurde aus wei\u00dfem Ton gefertigt.<br \/>\nAn der Oberseite ist er durch den Schriftzug &#8222;F\u00fcr dich&#8220; und Blumen verziert. <\/p>\n<p>Die Vertiefungen wurden geschw\u00e4rzt und dadurch sichtbar gemacht.<\/p>\n<p>Eine Jutekordel dient als Aufh\u00e4nger.<\/p>\n<p>Durchmesser: 5cm<\/p>\n","protected":false},"excerpt":{"rendered":"<p>Dieser handgemachte Geschenksanh\u00e4nger aus Keramik wurde aus wei\u00dfem Ton gefertigt. An der Oberseite ist er durch den Schriftzug &#8222;F\u00fcr dich&#8220; und Blumen verziert. Die Vertiefungen wurden geschw\u00e4rzt und dadurch sichtbar gemacht. Eine Jutekordel dient als Aufh\u00e4nger. Durchmesser: 5cm<\/p>\n","protected":false},"featured_media":1461,"template":"","meta":{"_acf_changed":false},"product_brand":[],"product_cat":[116,62],"product_tag":[],"class_list":{"0":"post-1460","1":"product","2":"type-product","3":"status-publish","4":"has-post-thumbnail","6":"product_cat-billets-geschenkanhanger","7":"product_cat-papeterie-schreibwaren","9":"first","10":"instock","11":"purchasable","12":"product-type-simple"},"acf":[],"_links":{"self":[{"href":"https:\/\/www.regionalis.shop\/naturtraeume\/wp-json\/wp\/v2\/product\/1460","targetHints":{"allow":["GET"]}}],"collection":[{"href":"https:\/\/www.regionalis.shop\/naturtraeume\/wp-json\/wp\/v2\/product"}],"about":[{"href":"https:\/\/www.regionalis.shop\/naturtraeume\/wp-json\/wp\/v2\/types\/product"}],"wp:featuredmedia":[{"embeddable":true,"href":"https:\/\/www.regionalis.shop\/naturtraeume\/wp-json\/wp\/v2\/media\/1461"}],"wp:attachment":[{"href":"https:\/\/www.regionalis.shop\/naturtraeume\/wp-json\/wp\/v2\/media?parent=1460"}],"wp:term":[{"taxonomy":"product_brand","embeddable":true,"href":"https:\/\/www.regionalis.shop\/naturtraeume\/wp-json\/wp\/v2\/product_brand?post=1460"},{"taxonomy":"product_cat","embeddable":true,"href":"https:\/\/www.regionalis.shop\/naturtraeume\/wp-json\/wp\/v2\/product_cat?post=1460"},{"taxonomy":"product_tag","embeddable":true,"href":"https:\/\/www.regionalis.shop\/naturtraeume\/wp-json\/wp\/v2\/product_tag?post=1460"}],"curies":[{"name":"wp","href":"https:\/\/api.w.org\/{rel}","templated":true}]}}