{"id":1484,"date":"2025-04-18T06:00:44","date_gmt":"2025-04-18T04:00:44","guid":{"rendered":"https:\/\/www.regionalis.shop\/naturtraeume\/product\/holz-karte-herzlichen-glueckwunsch\/"},"modified":"2025-04-18T06:00:44","modified_gmt":"2025-04-18T04:00:44","slug":"holz-karte-herzlichen-glueckwunsch","status":"publish","type":"product","link":"https:\/\/www.regionalis.shop\/naturtraeume\/shop\/holz-karte-herzlichen-glueckwunsch\/","title":{"rendered":"Holz-Karte &#8222;Herzlichen Gl\u00fcckwunsch&#8220;"},"content":{"rendered":"<p>\u00dcberrascht eure Liebsten doch mal mit einer etwas anderen Karte!<\/p>\n<p>Die Karten werden mit viel Liebe zum Detail hergestellt.<\/p>\n<p>Der Schriftzug &#8222;Herzlichen Gl\u00fcckwunsch&#8220; und die Blumen wurden mit dem Laser hineingebrannt.<\/p>\n<p>Die Holzkarte klebt auf einem hellgr\u00fcnen Kraftpapier-Billett.<br \/>\nInnen befindet sich wei\u00dfes Papier, damit ihr auch noch eure pers\u00f6nlichen Worte darauf schreiben k\u00f6nnt.<\/p>\n<p>Format: A6<\/p>\n","protected":false},"excerpt":{"rendered":"<p>\u00dcberrascht eure Liebsten doch mal mit einer etwas anderen Karte! Die Karten werden mit viel Liebe zum Detail hergestellt. Der Schriftzug &#8222;Herzlichen Gl\u00fcckwunsch&#8220; und die Blumen wurden mit dem Laser hineingebrannt. Die Holzkarte klebt auf einem hellgr\u00fcnen Kraftpapier-Billett. Innen befindet sich wei\u00dfes Papier, damit ihr auch noch eure pers\u00f6nlichen Worte darauf schreiben k\u00f6nnt. Format: A6<\/p>\n","protected":false},"featured_media":1485,"template":"","meta":{"_acf_changed":false},"product_brand":[],"product_cat":[134,62],"product_tag":[],"class_list":{"0":"post-1484","1":"product","2":"type-product","3":"status-publish","4":"has-post-thumbnail","6":"product_cat-geschenk-gruskarten","7":"product_cat-papeterie-schreibwaren","9":"first","10":"instock","11":"purchasable","12":"product-type-simple"},"acf":[],"_links":{"self":[{"href":"https:\/\/www.regionalis.shop\/naturtraeume\/wp-json\/wp\/v2\/product\/1484","targetHints":{"allow":["GET"]}}],"collection":[{"href":"https:\/\/www.regionalis.shop\/naturtraeume\/wp-json\/wp\/v2\/product"}],"about":[{"href":"https:\/\/www.regionalis.shop\/naturtraeume\/wp-json\/wp\/v2\/types\/product"}],"wp:featuredmedia":[{"embeddable":true,"href":"https:\/\/www.regionalis.shop\/naturtraeume\/wp-json\/wp\/v2\/media\/1485"}],"wp:attachment":[{"href":"https:\/\/www.regionalis.shop\/naturtraeume\/wp-json\/wp\/v2\/media?parent=1484"}],"wp:term":[{"taxonomy":"product_brand","embeddable":true,"href":"https:\/\/www.regionalis.shop\/naturtraeume\/wp-json\/wp\/v2\/product_brand?post=1484"},{"taxonomy":"product_cat","embeddable":true,"href":"https:\/\/www.regionalis.shop\/naturtraeume\/wp-json\/wp\/v2\/product_cat?post=1484"},{"taxonomy":"product_tag","embeddable":true,"href":"https:\/\/www.regionalis.shop\/naturtraeume\/wp-json\/wp\/v2\/product_tag?post=1484"}],"curies":[{"name":"wp","href":"https:\/\/api.w.org\/{rel}","templated":true}]}}