{"id":1490,"date":"2025-04-18T05:34:52","date_gmt":"2025-04-18T03:34:52","guid":{"rendered":"https:\/\/www.regionalis.shop\/naturtraeume\/product\/osterkoerbchen-aus-filz\/"},"modified":"2025-04-18T05:34:52","modified_gmt":"2025-04-18T03:34:52","slug":"osterkoerbchen-aus-filz","status":"publish","type":"product","link":"https:\/\/www.regionalis.shop\/naturtraeume\/shop\/osterkoerbchen-aus-filz\/","title":{"rendered":"Osterk\u00f6rbchen aus Filz"},"content":{"rendered":"<p>Dieses s\u00fc\u00dfe, handgemachte Osterk\u00f6rbchen wurde aus Filz gefertigt.<br \/>\nAn der Vorderseite wurden Barthaare und Augen aufgestickt. Die Nase des H\u00e4schens besteht aus einem Knopf in Herzform<\/p>\n<p>Es ist das ideale Ostergeschenk f\u00fcr Gro\u00df und Klein!<\/p>\n<p>Auf Wunsch kann der Name mittels gravierten Holzperlen hinzugef\u00fcgt werden.<\/p>\n<p>L\u00e4nge: 16cm<br \/>\nBreite: 16cm<\/p>\n","protected":false},"excerpt":{"rendered":"<p>Dieses s\u00fc\u00dfe, handgemachte Osterk\u00f6rbchen wurde aus Filz gefertigt. An der Vorderseite wurden Barthaare und Augen aufgestickt. Die Nase des H\u00e4schens besteht aus einem Knopf in Herzform Es ist das ideale Ostergeschenk f\u00fcr Gro\u00df und Klein! Auf Wunsch kann der Name mittels gravierten Holzperlen hinzugef\u00fcgt werden. L\u00e4nge: 16cm Breite: 16cm<\/p>\n","protected":false},"featured_media":1491,"template":"","meta":{"_acf_changed":false},"product_brand":[],"product_cat":[172,103],"product_tag":[],"class_list":{"0":"post-1490","1":"product","2":"type-product","3":"status-publish","4":"has-post-thumbnail","6":"product_cat-verpacken-verstauen","7":"product_cat-wohnen-deko","9":"first","10":"instock","11":"purchasable","12":"product-type-simple"},"acf":[],"_links":{"self":[{"href":"https:\/\/www.regionalis.shop\/naturtraeume\/wp-json\/wp\/v2\/product\/1490","targetHints":{"allow":["GET"]}}],"collection":[{"href":"https:\/\/www.regionalis.shop\/naturtraeume\/wp-json\/wp\/v2\/product"}],"about":[{"href":"https:\/\/www.regionalis.shop\/naturtraeume\/wp-json\/wp\/v2\/types\/product"}],"wp:featuredmedia":[{"embeddable":true,"href":"https:\/\/www.regionalis.shop\/naturtraeume\/wp-json\/wp\/v2\/media\/1491"}],"wp:attachment":[{"href":"https:\/\/www.regionalis.shop\/naturtraeume\/wp-json\/wp\/v2\/media?parent=1490"}],"wp:term":[{"taxonomy":"product_brand","embeddable":true,"href":"https:\/\/www.regionalis.shop\/naturtraeume\/wp-json\/wp\/v2\/product_brand?post=1490"},{"taxonomy":"product_cat","embeddable":true,"href":"https:\/\/www.regionalis.shop\/naturtraeume\/wp-json\/wp\/v2\/product_cat?post=1490"},{"taxonomy":"product_tag","embeddable":true,"href":"https:\/\/www.regionalis.shop\/naturtraeume\/wp-json\/wp\/v2\/product_tag?post=1490"}],"curies":[{"name":"wp","href":"https:\/\/api.w.org\/{rel}","templated":true}]}}