{"id":1500,"date":"2025-04-18T05:34:52","date_gmt":"2025-04-18T03:34:52","guid":{"rendered":"https:\/\/www.regionalis.shop\/naturtraeume\/product\/ostersaeckchen-mit-hasenohren\/"},"modified":"2025-04-18T05:34:52","modified_gmt":"2025-04-18T03:34:52","slug":"ostersaeckchen-mit-hasenohren","status":"publish","type":"product","link":"https:\/\/www.regionalis.shop\/naturtraeume\/shop\/ostersaeckchen-mit-hasenohren\/","title":{"rendered":"Osters\u00e4ckchen mit Hasenohren"},"content":{"rendered":"<p>Dieses s\u00fc\u00dfe, handgemachte Osters\u00e4ckchen mit Hasenohren wurde aus Leinenstoff gefertigt.<\/p>\n<p>Es ist das ideale Ostergeschenk f\u00fcr Gro\u00df und Klein, das du nach Belieben f\u00fcllen kannst!<\/p>\n<p>Durch das Zusammenbinden mit der wei\u00dfen Kordel, entstehen die s\u00fc\u00dfen Hasenohren<\/p>\n<p>H\u00f6he: ca. 25cm (inkl. Ohren)<br \/>\nBreite: ca. 14cm<\/p>\n","protected":false},"excerpt":{"rendered":"<p>Dieses s\u00fc\u00dfe, handgemachte Osters\u00e4ckchen mit Hasenohren wurde aus Leinenstoff gefertigt. Es ist das ideale Ostergeschenk f\u00fcr Gro\u00df und Klein, das du nach Belieben f\u00fcllen kannst! Durch das Zusammenbinden mit der wei\u00dfen Kordel, entstehen die s\u00fc\u00dfen Hasenohren H\u00f6he: ca. 25cm (inkl. Ohren) Breite: ca. 14cm<\/p>\n","protected":false},"featured_media":1501,"template":"","meta":{"_acf_changed":false},"product_brand":[],"product_cat":[172,103],"product_tag":[],"class_list":{"0":"post-1500","1":"product","2":"type-product","3":"status-publish","4":"has-post-thumbnail","6":"product_cat-verpacken-verstauen","7":"product_cat-wohnen-deko","9":"first","10":"instock","11":"purchasable","12":"product-type-simple"},"acf":[],"_links":{"self":[{"href":"https:\/\/www.regionalis.shop\/naturtraeume\/wp-json\/wp\/v2\/product\/1500","targetHints":{"allow":["GET"]}}],"collection":[{"href":"https:\/\/www.regionalis.shop\/naturtraeume\/wp-json\/wp\/v2\/product"}],"about":[{"href":"https:\/\/www.regionalis.shop\/naturtraeume\/wp-json\/wp\/v2\/types\/product"}],"wp:featuredmedia":[{"embeddable":true,"href":"https:\/\/www.regionalis.shop\/naturtraeume\/wp-json\/wp\/v2\/media\/1501"}],"wp:attachment":[{"href":"https:\/\/www.regionalis.shop\/naturtraeume\/wp-json\/wp\/v2\/media?parent=1500"}],"wp:term":[{"taxonomy":"product_brand","embeddable":true,"href":"https:\/\/www.regionalis.shop\/naturtraeume\/wp-json\/wp\/v2\/product_brand?post=1500"},{"taxonomy":"product_cat","embeddable":true,"href":"https:\/\/www.regionalis.shop\/naturtraeume\/wp-json\/wp\/v2\/product_cat?post=1500"},{"taxonomy":"product_tag","embeddable":true,"href":"https:\/\/www.regionalis.shop\/naturtraeume\/wp-json\/wp\/v2\/product_tag?post=1500"}],"curies":[{"name":"wp","href":"https:\/\/api.w.org\/{rel}","templated":true}]}}