{"id":1504,"date":"2025-04-18T05:34:21","date_gmt":"2025-04-18T03:34:21","guid":{"rendered":"https:\/\/www.regionalis.shop\/naturtraeume\/product\/teelichthalter-aus-treibholz\/"},"modified":"2025-04-18T05:34:21","modified_gmt":"2025-04-18T03:34:21","slug":"teelichthalter-aus-treibholz","status":"publish","type":"product","link":"https:\/\/www.regionalis.shop\/naturtraeume\/shop\/teelichthalter-aus-treibholz\/","title":{"rendered":"Teelichthalter aus Treibholz"},"content":{"rendered":"<p>Dieser einzigartige Teelichthalter wurde aus einem St\u00fcck Treibholz hergestellt.<br \/>\nDas alte Brett, aus dem er gemacht wurde, wurde in der Drau gefunden und anschlie\u00dfend zu einem Teelichthalter verarbeitet. Durch seine nat\u00fcrliche und rustikale Struktur hat er einen ganz eigenen Charme.<\/p>\n<p>An der Oberseite wurden zwei Vertiefungen f\u00fcr zwei Teelichter hineingebohrt. <\/p>\n<p>L\u00e4nge: 14,5cm<br \/>\nBreite 11,5cm<br \/>\nH\u00f6he: 4cm<\/p>\n","protected":false},"excerpt":{"rendered":"<p>Dieser einzigartige Teelichthalter wurde aus einem St\u00fcck Treibholz hergestellt. Das alte Brett, aus dem er gemacht wurde, wurde in der Drau gefunden und anschlie\u00dfend zu einem Teelichthalter verarbeitet. Durch seine nat\u00fcrliche und rustikale Struktur hat er einen ganz eigenen Charme. An der Oberseite wurden zwei Vertiefungen f\u00fcr zwei Teelichter hineingebohrt. L\u00e4nge: 14,5cm Breite 11,5cm H\u00f6he: &hellip; <a href=\"https:\/\/www.regionalis.shop\/naturtraeume\/shop\/teelichthalter-aus-treibholz\/\">Continued<\/a><\/p>\n","protected":false},"featured_media":1505,"template":"","meta":{"_acf_changed":false},"product_brand":[],"product_cat":[151,103],"product_tag":[],"class_list":{"0":"post-1504","1":"product","2":"type-product","3":"status-publish","4":"has-post-thumbnail","6":"product_cat-kerzen-kerzenstaender","7":"product_cat-wohnen-deko","9":"first","10":"instock","11":"purchasable","12":"product-type-simple"},"acf":[],"_links":{"self":[{"href":"https:\/\/www.regionalis.shop\/naturtraeume\/wp-json\/wp\/v2\/product\/1504","targetHints":{"allow":["GET"]}}],"collection":[{"href":"https:\/\/www.regionalis.shop\/naturtraeume\/wp-json\/wp\/v2\/product"}],"about":[{"href":"https:\/\/www.regionalis.shop\/naturtraeume\/wp-json\/wp\/v2\/types\/product"}],"wp:featuredmedia":[{"embeddable":true,"href":"https:\/\/www.regionalis.shop\/naturtraeume\/wp-json\/wp\/v2\/media\/1505"}],"wp:attachment":[{"href":"https:\/\/www.regionalis.shop\/naturtraeume\/wp-json\/wp\/v2\/media?parent=1504"}],"wp:term":[{"taxonomy":"product_brand","embeddable":true,"href":"https:\/\/www.regionalis.shop\/naturtraeume\/wp-json\/wp\/v2\/product_brand?post=1504"},{"taxonomy":"product_cat","embeddable":true,"href":"https:\/\/www.regionalis.shop\/naturtraeume\/wp-json\/wp\/v2\/product_cat?post=1504"},{"taxonomy":"product_tag","embeddable":true,"href":"https:\/\/www.regionalis.shop\/naturtraeume\/wp-json\/wp\/v2\/product_tag?post=1504"}],"curies":[{"name":"wp","href":"https:\/\/api.w.org\/{rel}","templated":true}]}}