{"id":1525,"date":"2025-04-18T05:33:40","date_gmt":"2025-04-18T03:33:40","guid":{"rendered":"https:\/\/www.regionalis.shop\/naturtraeume\/product\/beton-stern-gross\/"},"modified":"2025-04-18T05:33:40","modified_gmt":"2025-04-18T03:33:40","slug":"beton-stern-gross","status":"publish","type":"product","link":"https:\/\/www.regionalis.shop\/naturtraeume\/shop\/beton-stern-gross\/","title":{"rendered":"Beton-Stern gro\u00df"},"content":{"rendered":"<p>Dieser handgemachte Stern wurde aus hellgrauem Beton hergestellt.<\/p>\n<p>Durch anschlie\u00dfendes Schleifen kommt die besondere Struktur an der Oberfl\u00e4che zum Vorschein.<\/p>\n<p>Der gro\u00dfe Stern kann sehr gut gemeinsam mit dem kleineren kombiniert werden.<\/p>\n<p>Durchmesser: 10cm<br \/>\nDicke: 2,5cm<\/p>\n","protected":false},"excerpt":{"rendered":"<p>Dieser handgemachte Stern wurde aus hellgrauem Beton hergestellt. Durch anschlie\u00dfendes Schleifen kommt die besondere Struktur an der Oberfl\u00e4che zum Vorschein. Der gro\u00dfe Stern kann sehr gut gemeinsam mit dem kleineren kombiniert werden. Durchmesser: 10cm Dicke: 2,5cm<\/p>\n","protected":false},"featured_media":1526,"template":"","meta":{"_acf_changed":false},"product_brand":[],"product_cat":[174,103],"product_tag":[],"class_list":{"0":"post-1525","1":"product","2":"type-product","3":"status-publish","4":"has-post-thumbnail","6":"product_cat-wohndekoration","7":"product_cat-wohnen-deko","9":"first","10":"instock","11":"purchasable","12":"product-type-simple"},"acf":[],"_links":{"self":[{"href":"https:\/\/www.regionalis.shop\/naturtraeume\/wp-json\/wp\/v2\/product\/1525","targetHints":{"allow":["GET"]}}],"collection":[{"href":"https:\/\/www.regionalis.shop\/naturtraeume\/wp-json\/wp\/v2\/product"}],"about":[{"href":"https:\/\/www.regionalis.shop\/naturtraeume\/wp-json\/wp\/v2\/types\/product"}],"wp:featuredmedia":[{"embeddable":true,"href":"https:\/\/www.regionalis.shop\/naturtraeume\/wp-json\/wp\/v2\/media\/1526"}],"wp:attachment":[{"href":"https:\/\/www.regionalis.shop\/naturtraeume\/wp-json\/wp\/v2\/media?parent=1525"}],"wp:term":[{"taxonomy":"product_brand","embeddable":true,"href":"https:\/\/www.regionalis.shop\/naturtraeume\/wp-json\/wp\/v2\/product_brand?post=1525"},{"taxonomy":"product_cat","embeddable":true,"href":"https:\/\/www.regionalis.shop\/naturtraeume\/wp-json\/wp\/v2\/product_cat?post=1525"},{"taxonomy":"product_tag","embeddable":true,"href":"https:\/\/www.regionalis.shop\/naturtraeume\/wp-json\/wp\/v2\/product_tag?post=1525"}],"curies":[{"name":"wp","href":"https:\/\/api.w.org\/{rel}","templated":true}]}}