{"id":1556,"date":"2025-04-18T05:22:39","date_gmt":"2025-04-18T03:22:39","guid":{"rendered":"https:\/\/www.regionalis.shop\/naturtraeume\/product\/altholz-keramik-bild-3-quadrate\/"},"modified":"2025-04-18T05:22:39","modified_gmt":"2025-04-18T03:22:39","slug":"altholz-keramik-bild-3-quadrate","status":"publish","type":"product","link":"https:\/\/www.regionalis.shop\/naturtraeume\/shop\/altholz-keramik-bild-3-quadrate\/","title":{"rendered":"Altholz-Keramik-Bild &#8211; 3 Quadrate"},"content":{"rendered":"<p>Das Altholzbrett wurde mit drei handgemachten Keramik-Bildern verziert.<\/p>\n<p>Die Keramik-Bilder sind mit Pflanzen-Druck verziert.<\/p>\n<p>Auf der R\u00fcckseite befindet sich ein kleiner Haken zum Aufh\u00e4ngen.<\/p>\n<p>Holz: L\u00e4rche<\/p>\n<p>L\u00e4nge: 37cm<br \/>\nBreite: 14cm<\/p>\n","protected":false},"excerpt":{"rendered":"<p>Das Altholzbrett wurde mit drei handgemachten Keramik-Bildern verziert. Die Keramik-Bilder sind mit Pflanzen-Druck verziert. Auf der R\u00fcckseite befindet sich ein kleiner Haken zum Aufh\u00e4ngen. Holz: L\u00e4rche L\u00e4nge: 37cm Breite: 14cm<\/p>\n","protected":false},"featured_media":1557,"template":"","meta":{"_acf_changed":false},"product_brand":[],"product_cat":[174,103],"product_tag":[],"class_list":{"0":"post-1556","1":"product","2":"type-product","3":"status-publish","4":"has-post-thumbnail","6":"product_cat-wohndekoration","7":"product_cat-wohnen-deko","9":"first","10":"instock","11":"purchasable","12":"product-type-simple"},"acf":[],"_links":{"self":[{"href":"https:\/\/www.regionalis.shop\/naturtraeume\/wp-json\/wp\/v2\/product\/1556","targetHints":{"allow":["GET"]}}],"collection":[{"href":"https:\/\/www.regionalis.shop\/naturtraeume\/wp-json\/wp\/v2\/product"}],"about":[{"href":"https:\/\/www.regionalis.shop\/naturtraeume\/wp-json\/wp\/v2\/types\/product"}],"wp:featuredmedia":[{"embeddable":true,"href":"https:\/\/www.regionalis.shop\/naturtraeume\/wp-json\/wp\/v2\/media\/1557"}],"wp:attachment":[{"href":"https:\/\/www.regionalis.shop\/naturtraeume\/wp-json\/wp\/v2\/media?parent=1556"}],"wp:term":[{"taxonomy":"product_brand","embeddable":true,"href":"https:\/\/www.regionalis.shop\/naturtraeume\/wp-json\/wp\/v2\/product_brand?post=1556"},{"taxonomy":"product_cat","embeddable":true,"href":"https:\/\/www.regionalis.shop\/naturtraeume\/wp-json\/wp\/v2\/product_cat?post=1556"},{"taxonomy":"product_tag","embeddable":true,"href":"https:\/\/www.regionalis.shop\/naturtraeume\/wp-json\/wp\/v2\/product_tag?post=1556"}],"curies":[{"name":"wp","href":"https:\/\/api.w.org\/{rel}","templated":true}]}}