{"id":1588,"date":"2025-04-18T05:04:27","date_gmt":"2025-04-18T03:04:27","guid":{"rendered":"https:\/\/www.regionalis.shop\/naturtraeume\/product\/holz-gluecksbringer-happy-new-year\/"},"modified":"2025-04-18T05:04:27","modified_gmt":"2025-04-18T03:04:27","slug":"holz-gluecksbringer-happy-new-year","status":"publish","type":"product","link":"https:\/\/www.regionalis.shop\/naturtraeume\/shop\/holz-gluecksbringer-happy-new-year\/","title":{"rendered":"Holz-Gl\u00fccksbringer &#8222;Happy New Year&#8220;"},"content":{"rendered":"<p>Dieser kleine Holz-Pilz ist ein idealer Gl\u00fccksbringer f\u00fcr Silvester.<\/p>\n<p>Mit dem Laser wurde der Schriftzug &#8222;Happy New Year&#8220; in den Pilz eingraviert.<\/p>\n<p>L\u00e4nge: 5,5cm<br \/>\nBreite: 5cm<\/p>\n","protected":false},"excerpt":{"rendered":"<p>Dieser kleine Holz-Pilz ist ein idealer Gl\u00fccksbringer f\u00fcr Silvester. Mit dem Laser wurde der Schriftzug &#8222;Happy New Year&#8220; in den Pilz eingraviert. L\u00e4nge: 5,5cm Breite: 5cm<\/p>\n","protected":false},"featured_media":1589,"template":"","meta":{"_acf_changed":false},"product_brand":[],"product_cat":[135,62],"product_tag":[],"class_list":{"0":"post-1588","1":"product","2":"type-product","3":"status-publish","4":"has-post-thumbnail","6":"product_cat-geschenkanhaenger","7":"product_cat-papeterie-schreibwaren","9":"first","10":"instock","11":"purchasable","12":"product-type-simple"},"acf":[],"_links":{"self":[{"href":"https:\/\/www.regionalis.shop\/naturtraeume\/wp-json\/wp\/v2\/product\/1588","targetHints":{"allow":["GET"]}}],"collection":[{"href":"https:\/\/www.regionalis.shop\/naturtraeume\/wp-json\/wp\/v2\/product"}],"about":[{"href":"https:\/\/www.regionalis.shop\/naturtraeume\/wp-json\/wp\/v2\/types\/product"}],"wp:featuredmedia":[{"embeddable":true,"href":"https:\/\/www.regionalis.shop\/naturtraeume\/wp-json\/wp\/v2\/media\/1589"}],"wp:attachment":[{"href":"https:\/\/www.regionalis.shop\/naturtraeume\/wp-json\/wp\/v2\/media?parent=1588"}],"wp:term":[{"taxonomy":"product_brand","embeddable":true,"href":"https:\/\/www.regionalis.shop\/naturtraeume\/wp-json\/wp\/v2\/product_brand?post=1588"},{"taxonomy":"product_cat","embeddable":true,"href":"https:\/\/www.regionalis.shop\/naturtraeume\/wp-json\/wp\/v2\/product_cat?post=1588"},{"taxonomy":"product_tag","embeddable":true,"href":"https:\/\/www.regionalis.shop\/naturtraeume\/wp-json\/wp\/v2\/product_tag?post=1588"}],"curies":[{"name":"wp","href":"https:\/\/api.w.org\/{rel}","templated":true}]}}