{"id":1603,"date":"2025-04-18T04:53:09","date_gmt":"2025-04-18T02:53:09","guid":{"rendered":"https:\/\/www.regionalis.shop\/naturtraeume\/product\/teelichthalter-aus-rindenholz\/"},"modified":"2025-04-18T04:53:09","modified_gmt":"2025-04-18T02:53:09","slug":"teelichthalter-aus-rindenholz","status":"publish","type":"product","link":"https:\/\/www.regionalis.shop\/naturtraeume\/shop\/teelichthalter-aus-rindenholz\/","title":{"rendered":"Teelichthalter aus Rindenholz"},"content":{"rendered":"<p>Diese Kerzenhalten wurde aus einem St\u00fcck Holz gefertigt, welches an der Au\u00dfenseite noch von der Rinde bedeckt ist und dadurch einen ganz besonderen Charme hat.<br \/>\nDer Kerzenhalter bietet Platz f\u00fcr 3 Teelichter.<\/p>\n<p>L\u00e4nge: 34cm<br \/>\nBreite: 12cm<\/p>\n","protected":false},"excerpt":{"rendered":"<p>Diese Kerzenhalten wurde aus einem St\u00fcck Holz gefertigt, welches an der Au\u00dfenseite noch von der Rinde bedeckt ist und dadurch einen ganz besonderen Charme hat. Der Kerzenhalter bietet Platz f\u00fcr 3 Teelichter. L\u00e4nge: 34cm Breite: 12cm<\/p>\n","protected":false},"featured_media":1604,"template":"","meta":{"_acf_changed":false},"product_brand":[],"product_cat":[151,103],"product_tag":[],"class_list":{"0":"post-1603","1":"product","2":"type-product","3":"status-publish","4":"has-post-thumbnail","6":"product_cat-kerzen-kerzenstaender","7":"product_cat-wohnen-deko","9":"first","10":"instock","11":"purchasable","12":"product-type-simple"},"acf":[],"_links":{"self":[{"href":"https:\/\/www.regionalis.shop\/naturtraeume\/wp-json\/wp\/v2\/product\/1603","targetHints":{"allow":["GET"]}}],"collection":[{"href":"https:\/\/www.regionalis.shop\/naturtraeume\/wp-json\/wp\/v2\/product"}],"about":[{"href":"https:\/\/www.regionalis.shop\/naturtraeume\/wp-json\/wp\/v2\/types\/product"}],"wp:featuredmedia":[{"embeddable":true,"href":"https:\/\/www.regionalis.shop\/naturtraeume\/wp-json\/wp\/v2\/media\/1604"}],"wp:attachment":[{"href":"https:\/\/www.regionalis.shop\/naturtraeume\/wp-json\/wp\/v2\/media?parent=1603"}],"wp:term":[{"taxonomy":"product_brand","embeddable":true,"href":"https:\/\/www.regionalis.shop\/naturtraeume\/wp-json\/wp\/v2\/product_brand?post=1603"},{"taxonomy":"product_cat","embeddable":true,"href":"https:\/\/www.regionalis.shop\/naturtraeume\/wp-json\/wp\/v2\/product_cat?post=1603"},{"taxonomy":"product_tag","embeddable":true,"href":"https:\/\/www.regionalis.shop\/naturtraeume\/wp-json\/wp\/v2\/product_tag?post=1603"}],"curies":[{"name":"wp","href":"https:\/\/api.w.org\/{rel}","templated":true}]}}