{"id":1607,"date":"2025-04-18T04:53:09","date_gmt":"2025-04-18T02:53:09","guid":{"rendered":"https:\/\/www.regionalis.shop\/naturtraeume\/product\/teelichthalter-laerchenstumpf-9-11cm\/"},"modified":"2025-04-18T04:53:09","modified_gmt":"2025-04-18T02:53:09","slug":"teelichthalter-laerchenstumpf-9-11cm","status":"publish","type":"product","link":"https:\/\/www.regionalis.shop\/naturtraeume\/shop\/teelichthalter-laerchenstumpf-9-11cm\/","title":{"rendered":"Teelichthalter L\u00e4rchenstumpf 9-11cm"},"content":{"rendered":"<p>Dieser L\u00e4rchenstumpen wurde liebevoll zu einem sch\u00f6nen Teelichthalter umfunktioniert.<\/p>\n<p>H\u00f6he: ca. 9-11cm<\/p>\n<p>Die L\u00e4rchenstumpen in den unterschiedlichen Gr\u00f6\u00dfen lassen sich auch sehr gut miteinander kombinieren!<\/p>\n<p>Bitte beachte, dass jedes Holzst\u00fcck ein wenig anders ist, da sie alle Naturmaterialien sind.<\/p>\n","protected":false},"excerpt":{"rendered":"<p>Dieser L\u00e4rchenstumpen wurde liebevoll zu einem sch\u00f6nen Teelichthalter umfunktioniert. H\u00f6he: ca. 9-11cm Die L\u00e4rchenstumpen in den unterschiedlichen Gr\u00f6\u00dfen lassen sich auch sehr gut miteinander kombinieren! Bitte beachte, dass jedes Holzst\u00fcck ein wenig anders ist, da sie alle Naturmaterialien sind.<\/p>\n","protected":false},"featured_media":1608,"template":"","meta":{"_acf_changed":false},"product_brand":[],"product_cat":[174,103],"product_tag":[],"class_list":{"0":"post-1607","1":"product","2":"type-product","3":"status-publish","4":"has-post-thumbnail","6":"product_cat-wohndekoration","7":"product_cat-wohnen-deko","9":"first","10":"instock","11":"purchasable","12":"product-type-simple"},"acf":[],"_links":{"self":[{"href":"https:\/\/www.regionalis.shop\/naturtraeume\/wp-json\/wp\/v2\/product\/1607","targetHints":{"allow":["GET"]}}],"collection":[{"href":"https:\/\/www.regionalis.shop\/naturtraeume\/wp-json\/wp\/v2\/product"}],"about":[{"href":"https:\/\/www.regionalis.shop\/naturtraeume\/wp-json\/wp\/v2\/types\/product"}],"wp:featuredmedia":[{"embeddable":true,"href":"https:\/\/www.regionalis.shop\/naturtraeume\/wp-json\/wp\/v2\/media\/1608"}],"wp:attachment":[{"href":"https:\/\/www.regionalis.shop\/naturtraeume\/wp-json\/wp\/v2\/media?parent=1607"}],"wp:term":[{"taxonomy":"product_brand","embeddable":true,"href":"https:\/\/www.regionalis.shop\/naturtraeume\/wp-json\/wp\/v2\/product_brand?post=1607"},{"taxonomy":"product_cat","embeddable":true,"href":"https:\/\/www.regionalis.shop\/naturtraeume\/wp-json\/wp\/v2\/product_cat?post=1607"},{"taxonomy":"product_tag","embeddable":true,"href":"https:\/\/www.regionalis.shop\/naturtraeume\/wp-json\/wp\/v2\/product_tag?post=1607"}],"curies":[{"name":"wp","href":"https:\/\/api.w.org\/{rel}","templated":true}]}}