{"id":1619,"date":"2025-04-18T04:53:09","date_gmt":"2025-04-18T02:53:09","guid":{"rendered":"https:\/\/www.regionalis.shop\/naturtraeume\/product\/tuerkranz-aus-laerchenholzscheiben-mit-masche\/"},"modified":"2025-04-18T04:53:09","modified_gmt":"2025-04-18T02:53:09","slug":"tuerkranz-aus-laerchenholzscheiben-mit-masche","status":"publish","type":"product","link":"https:\/\/www.regionalis.shop\/naturtraeume\/shop\/tuerkranz-aus-laerchenholzscheiben-mit-masche\/","title":{"rendered":"T\u00fcrkranz aus L\u00e4rchenholzscheiben mit Masche"},"content":{"rendered":"<p>Dieser T\u00fcrkranz wurde aus L\u00e4rchenholzscheiben gefertigt.<\/p>\n<p>Er ist durch eine Masche aus einem Jute- und einem beigen Spitzenband sowie einem Herz aus Rinde verziert.<\/p>\n<p>Eine Jutekordel dient als Aufh\u00e4nger.<\/p>\n<p>Durchmesser au\u00dfen: ca. 30cm <\/p>\n<p>Bitte beachte, dass jede Holzscheibe ein wenig anders ist, da sie alle Naturmaterialien sind.<\/p>\n","protected":false},"excerpt":{"rendered":"<p>Dieser T\u00fcrkranz wurde aus L\u00e4rchenholzscheiben gefertigt. Er ist durch eine Masche aus einem Jute- und einem beigen Spitzenband sowie einem Herz aus Rinde verziert. Eine Jutekordel dient als Aufh\u00e4nger. Durchmesser au\u00dfen: ca. 30cm Bitte beachte, dass jede Holzscheibe ein wenig anders ist, da sie alle Naturmaterialien sind.<\/p>\n","protected":false},"featured_media":1620,"template":"","meta":{"_acf_changed":false},"product_brand":[],"product_cat":[174,103],"product_tag":[],"class_list":{"0":"post-1619","1":"product","2":"type-product","3":"status-publish","4":"has-post-thumbnail","6":"product_cat-wohndekoration","7":"product_cat-wohnen-deko","9":"first","10":"instock","11":"purchasable","12":"product-type-simple"},"acf":[],"_links":{"self":[{"href":"https:\/\/www.regionalis.shop\/naturtraeume\/wp-json\/wp\/v2\/product\/1619","targetHints":{"allow":["GET"]}}],"collection":[{"href":"https:\/\/www.regionalis.shop\/naturtraeume\/wp-json\/wp\/v2\/product"}],"about":[{"href":"https:\/\/www.regionalis.shop\/naturtraeume\/wp-json\/wp\/v2\/types\/product"}],"wp:featuredmedia":[{"embeddable":true,"href":"https:\/\/www.regionalis.shop\/naturtraeume\/wp-json\/wp\/v2\/media\/1620"}],"wp:attachment":[{"href":"https:\/\/www.regionalis.shop\/naturtraeume\/wp-json\/wp\/v2\/media?parent=1619"}],"wp:term":[{"taxonomy":"product_brand","embeddable":true,"href":"https:\/\/www.regionalis.shop\/naturtraeume\/wp-json\/wp\/v2\/product_brand?post=1619"},{"taxonomy":"product_cat","embeddable":true,"href":"https:\/\/www.regionalis.shop\/naturtraeume\/wp-json\/wp\/v2\/product_cat?post=1619"},{"taxonomy":"product_tag","embeddable":true,"href":"https:\/\/www.regionalis.shop\/naturtraeume\/wp-json\/wp\/v2\/product_tag?post=1619"}],"curies":[{"name":"wp","href":"https:\/\/api.w.org\/{rel}","templated":true}]}}