{"id":1641,"date":"2025-04-18T04:52:26","date_gmt":"2025-04-18T02:52:26","guid":{"rendered":"https:\/\/www.regionalis.shop\/naturtraeume\/product\/leuchtkugel-weihnachten\/"},"modified":"2025-04-18T04:52:26","modified_gmt":"2025-04-18T02:52:26","slug":"leuchtkugel-weihnachten","status":"publish","type":"product","link":"https:\/\/www.regionalis.shop\/naturtraeume\/shop\/leuchtkugel-weihnachten\/","title":{"rendered":"Leuchtkugel &#8211; Weihnachten"},"content":{"rendered":"<p>Diese handgemachte Leucht-Kugel aus Keramik wurde aus wei\u00dfem Ton mit kleinen Punkten gefertigt und mit einem Sternmuster verziert.<\/p>\n<p>An der Au\u00dfenseite ist die Kugel teilweise wei\u00df-schimmernd glasiert.<\/p>\n<p>An der Unterseite befindet sich ein Loch, durch das ein Teelicht oder auch eine elektrische Lichterkette in die Kugel gelegt werden kann. <\/p>\n<p>Durch das Muster an der Au\u00dfenseite und die Beleuchtung innen, ist die Kugel sowohl tags\u00fcber, also auch abends sch\u00f6n anzusehen.<\/p>\n<p>Durchmesser: 11cm<\/p>\n<p>Die Beleuchtung ist nicht im Lieferumfang enthalten.<\/p>\n","protected":false},"excerpt":{"rendered":"<p>Diese handgemachte Leucht-Kugel aus Keramik wurde aus wei\u00dfem Ton mit kleinen Punkten gefertigt und mit einem Sternmuster verziert. An der Au\u00dfenseite ist die Kugel teilweise wei\u00df-schimmernd glasiert. An der Unterseite befindet sich ein Loch, durch das ein Teelicht oder auch eine elektrische Lichterkette in die Kugel gelegt werden kann. Durch das Muster an der Au\u00dfenseite &hellip; <a href=\"https:\/\/www.regionalis.shop\/naturtraeume\/shop\/leuchtkugel-weihnachten\/\">Continued<\/a><\/p>\n","protected":false},"featured_media":1642,"template":"","meta":{"_acf_changed":false},"product_brand":[],"product_cat":[173,103],"product_tag":[],"class_list":{"0":"post-1641","1":"product","2":"type-product","3":"status-publish","4":"has-post-thumbnail","6":"product_cat-weihnachten","7":"product_cat-wohnen-deko","9":"first","10":"instock","11":"purchasable","12":"product-type-simple"},"acf":[],"_links":{"self":[{"href":"https:\/\/www.regionalis.shop\/naturtraeume\/wp-json\/wp\/v2\/product\/1641","targetHints":{"allow":["GET"]}}],"collection":[{"href":"https:\/\/www.regionalis.shop\/naturtraeume\/wp-json\/wp\/v2\/product"}],"about":[{"href":"https:\/\/www.regionalis.shop\/naturtraeume\/wp-json\/wp\/v2\/types\/product"}],"wp:featuredmedia":[{"embeddable":true,"href":"https:\/\/www.regionalis.shop\/naturtraeume\/wp-json\/wp\/v2\/media\/1642"}],"wp:attachment":[{"href":"https:\/\/www.regionalis.shop\/naturtraeume\/wp-json\/wp\/v2\/media?parent=1641"}],"wp:term":[{"taxonomy":"product_brand","embeddable":true,"href":"https:\/\/www.regionalis.shop\/naturtraeume\/wp-json\/wp\/v2\/product_brand?post=1641"},{"taxonomy":"product_cat","embeddable":true,"href":"https:\/\/www.regionalis.shop\/naturtraeume\/wp-json\/wp\/v2\/product_cat?post=1641"},{"taxonomy":"product_tag","embeddable":true,"href":"https:\/\/www.regionalis.shop\/naturtraeume\/wp-json\/wp\/v2\/product_tag?post=1641"}],"curies":[{"name":"wp","href":"https:\/\/api.w.org\/{rel}","templated":true}]}}