{"id":1672,"date":"2025-04-18T04:52:26","date_gmt":"2025-04-18T02:52:26","guid":{"rendered":"https:\/\/www.regionalis.shop\/naturtraeume\/product\/teelichthalter-aus-altholz-mit-3-keramiksternen\/"},"modified":"2025-04-18T04:52:26","modified_gmt":"2025-04-18T02:52:26","slug":"teelichthalter-aus-altholz-mit-3-keramiksternen","status":"publish","type":"product","link":"https:\/\/www.regionalis.shop\/naturtraeume\/shop\/teelichthalter-aus-altholz-mit-3-keramiksternen\/","title":{"rendered":"Teelichthalter aus Altholz mit 3 Keramiksternen"},"content":{"rendered":"<p>Altholzbretter eignen sich sehr gut als Teelichthalter.<br \/>\nDieses bietet Platz f\u00fcr 3 Teelichter und wurde zus\u00e4tzlich noch mit 3 handgemachten Keramiksternen mit Pflanzen-Druck-Muster verziert. <\/p>\n<p>L\u00e4nge: 39,5cm<br \/>\nBreite: 11,5cm<br \/>\nHolz: L\u00e4rche Altholz<\/p>\n","protected":false},"excerpt":{"rendered":"<p>Altholzbretter eignen sich sehr gut als Teelichthalter. Dieses bietet Platz f\u00fcr 3 Teelichter und wurde zus\u00e4tzlich noch mit 3 handgemachten Keramiksternen mit Pflanzen-Druck-Muster verziert. L\u00e4nge: 39,5cm Breite: 11,5cm Holz: L\u00e4rche Altholz<\/p>\n","protected":false},"featured_media":1673,"template":"","meta":{"_acf_changed":false},"product_brand":[],"product_cat":[173,103],"product_tag":[],"class_list":{"0":"post-1672","1":"product","2":"type-product","3":"status-publish","4":"has-post-thumbnail","6":"product_cat-weihnachten","7":"product_cat-wohnen-deko","9":"first","10":"instock","11":"purchasable","12":"product-type-simple"},"acf":[],"_links":{"self":[{"href":"https:\/\/www.regionalis.shop\/naturtraeume\/wp-json\/wp\/v2\/product\/1672","targetHints":{"allow":["GET"]}}],"collection":[{"href":"https:\/\/www.regionalis.shop\/naturtraeume\/wp-json\/wp\/v2\/product"}],"about":[{"href":"https:\/\/www.regionalis.shop\/naturtraeume\/wp-json\/wp\/v2\/types\/product"}],"wp:featuredmedia":[{"embeddable":true,"href":"https:\/\/www.regionalis.shop\/naturtraeume\/wp-json\/wp\/v2\/media\/1673"}],"wp:attachment":[{"href":"https:\/\/www.regionalis.shop\/naturtraeume\/wp-json\/wp\/v2\/media?parent=1672"}],"wp:term":[{"taxonomy":"product_brand","embeddable":true,"href":"https:\/\/www.regionalis.shop\/naturtraeume\/wp-json\/wp\/v2\/product_brand?post=1672"},{"taxonomy":"product_cat","embeddable":true,"href":"https:\/\/www.regionalis.shop\/naturtraeume\/wp-json\/wp\/v2\/product_cat?post=1672"},{"taxonomy":"product_tag","embeddable":true,"href":"https:\/\/www.regionalis.shop\/naturtraeume\/wp-json\/wp\/v2\/product_tag?post=1672"}],"curies":[{"name":"wp","href":"https:\/\/api.w.org\/{rel}","templated":true}]}}