{"id":1697,"date":"2025-04-18T04:51:44","date_gmt":"2025-04-18T02:51:44","guid":{"rendered":"https:\/\/www.regionalis.shop\/naturtraeume\/product\/keramik-pflanzendruck-bild-einfach\/"},"modified":"2025-04-18T04:51:44","modified_gmt":"2025-04-18T02:51:44","slug":"keramik-pflanzendruck-bild-einfach","status":"publish","type":"product","link":"https:\/\/www.regionalis.shop\/naturtraeume\/shop\/keramik-pflanzendruck-bild-einfach\/","title":{"rendered":"Keramik-Pflanzendruck-Bild einfach"},"content":{"rendered":"<p>Dieses handgemachte Keramik-Bild wurde aus wei\u00dfem Ton gefertigt.<\/p>\n<p>Die Pflanzen wurden in den noch feuchten Ton gedr\u00fcckt und die Abdr\u00fccke wurden nach dem Brennen geschw\u00e4rzt und dadurch sichtbar gemacht.<\/p>\n<p>Als Aufh\u00e4nger dient eine braune Kordel. <\/p>\n<p>H\u00f6he gesamt: 25cm<br \/>\nBreite: 13cm<\/p>\n","protected":false},"excerpt":{"rendered":"<p>Dieses handgemachte Keramik-Bild wurde aus wei\u00dfem Ton gefertigt. Die Pflanzen wurden in den noch feuchten Ton gedr\u00fcckt und die Abdr\u00fccke wurden nach dem Brennen geschw\u00e4rzt und dadurch sichtbar gemacht. Als Aufh\u00e4nger dient eine braune Kordel. H\u00f6he gesamt: 25cm Breite: 13cm<\/p>\n","protected":false},"featured_media":1698,"template":"","meta":{"_acf_changed":false},"product_brand":[],"product_cat":[174,103],"product_tag":[],"class_list":{"0":"post-1697","1":"product","2":"type-product","3":"status-publish","4":"has-post-thumbnail","6":"product_cat-wohndekoration","7":"product_cat-wohnen-deko","9":"first","10":"instock","11":"purchasable","12":"product-type-simple"},"acf":[],"_links":{"self":[{"href":"https:\/\/www.regionalis.shop\/naturtraeume\/wp-json\/wp\/v2\/product\/1697","targetHints":{"allow":["GET"]}}],"collection":[{"href":"https:\/\/www.regionalis.shop\/naturtraeume\/wp-json\/wp\/v2\/product"}],"about":[{"href":"https:\/\/www.regionalis.shop\/naturtraeume\/wp-json\/wp\/v2\/types\/product"}],"wp:featuredmedia":[{"embeddable":true,"href":"https:\/\/www.regionalis.shop\/naturtraeume\/wp-json\/wp\/v2\/media\/1698"}],"wp:attachment":[{"href":"https:\/\/www.regionalis.shop\/naturtraeume\/wp-json\/wp\/v2\/media?parent=1697"}],"wp:term":[{"taxonomy":"product_brand","embeddable":true,"href":"https:\/\/www.regionalis.shop\/naturtraeume\/wp-json\/wp\/v2\/product_brand?post=1697"},{"taxonomy":"product_cat","embeddable":true,"href":"https:\/\/www.regionalis.shop\/naturtraeume\/wp-json\/wp\/v2\/product_cat?post=1697"},{"taxonomy":"product_tag","embeddable":true,"href":"https:\/\/www.regionalis.shop\/naturtraeume\/wp-json\/wp\/v2\/product_tag?post=1697"}],"curies":[{"name":"wp","href":"https:\/\/api.w.org\/{rel}","templated":true}]}}