{"id":1713,"date":"2025-04-18T04:51:44","date_gmt":"2025-04-18T02:51:44","guid":{"rendered":"https:\/\/www.regionalis.shop\/naturtraeume\/product\/kerzenhalter-aus-treibholz\/"},"modified":"2025-04-18T04:51:44","modified_gmt":"2025-04-18T02:51:44","slug":"kerzenhalter-aus-treibholz","status":"publish","type":"product","link":"https:\/\/www.regionalis.shop\/naturtraeume\/shop\/kerzenhalter-aus-treibholz\/","title":{"rendered":"Kerzenhalter aus Treibholz"},"content":{"rendered":"<p>Dieser einzigartige Kerzenhalter wurde aus einem St\u00fcck Treibholz hergestellt.<br \/>\nDer Pfosten wurden in der Drau gefunden und anschlie\u00dfend zu einem Kerzenst\u00e4nder verarbeitet. Durch seine Struktur hat er einen ganz eigenen Charme.<br \/>\nAn der Oberseite wurde ein schwarzer Kerzenteller angebracht, wodurch entweder eine Stumpenkerze oder aber auch ein Teelicht darauf angez\u00fcndet werden kann.<\/p>\n<p>H\u00f6he ohne Kerzen: 10cm<br \/>\nBreite 11cm<br \/>\nTiefe: 11cm<\/p>\n<p>Die Kerze ist im Lieferumfang NICHT enthalten, kann aber gegen einen Aufpreis von \u20ac3 mit erworben werden.<\/p>\n","protected":false},"excerpt":{"rendered":"<p>Dieser einzigartige Kerzenhalter wurde aus einem St\u00fcck Treibholz hergestellt. Der Pfosten wurden in der Drau gefunden und anschlie\u00dfend zu einem Kerzenst\u00e4nder verarbeitet. Durch seine Struktur hat er einen ganz eigenen Charme. An der Oberseite wurde ein schwarzer Kerzenteller angebracht, wodurch entweder eine Stumpenkerze oder aber auch ein Teelicht darauf angez\u00fcndet werden kann. H\u00f6he ohne Kerzen: &hellip; <a href=\"https:\/\/www.regionalis.shop\/naturtraeume\/shop\/kerzenhalter-aus-treibholz\/\">Continued<\/a><\/p>\n","protected":false},"featured_media":1714,"template":"","meta":{"_acf_changed":false},"product_brand":[],"product_cat":[151,103],"product_tag":[],"class_list":{"0":"post-1713","1":"product","2":"type-product","3":"status-publish","4":"has-post-thumbnail","6":"product_cat-kerzen-kerzenstaender","7":"product_cat-wohnen-deko","9":"first","10":"instock","11":"purchasable","12":"product-type-simple"},"acf":[],"_links":{"self":[{"href":"https:\/\/www.regionalis.shop\/naturtraeume\/wp-json\/wp\/v2\/product\/1713","targetHints":{"allow":["GET"]}}],"collection":[{"href":"https:\/\/www.regionalis.shop\/naturtraeume\/wp-json\/wp\/v2\/product"}],"about":[{"href":"https:\/\/www.regionalis.shop\/naturtraeume\/wp-json\/wp\/v2\/types\/product"}],"wp:featuredmedia":[{"embeddable":true,"href":"https:\/\/www.regionalis.shop\/naturtraeume\/wp-json\/wp\/v2\/media\/1714"}],"wp:attachment":[{"href":"https:\/\/www.regionalis.shop\/naturtraeume\/wp-json\/wp\/v2\/media?parent=1713"}],"wp:term":[{"taxonomy":"product_brand","embeddable":true,"href":"https:\/\/www.regionalis.shop\/naturtraeume\/wp-json\/wp\/v2\/product_brand?post=1713"},{"taxonomy":"product_cat","embeddable":true,"href":"https:\/\/www.regionalis.shop\/naturtraeume\/wp-json\/wp\/v2\/product_cat?post=1713"},{"taxonomy":"product_tag","embeddable":true,"href":"https:\/\/www.regionalis.shop\/naturtraeume\/wp-json\/wp\/v2\/product_tag?post=1713"}],"curies":[{"name":"wp","href":"https:\/\/api.w.org\/{rel}","templated":true}]}}