{"id":1718,"date":"2025-04-18T04:51:44","date_gmt":"2025-04-18T02:51:44","guid":{"rendered":"https:\/\/www.regionalis.shop\/naturtraeume\/product\/leuchtkegel-weihnachten\/"},"modified":"2025-04-18T04:51:44","modified_gmt":"2025-04-18T02:51:44","slug":"leuchtkegel-weihnachten","status":"publish","type":"product","link":"https:\/\/www.regionalis.shop\/naturtraeume\/shop\/leuchtkegel-weihnachten\/","title":{"rendered":"Leuchtkegel Weihnachten"},"content":{"rendered":"<p>Dieser handgemachte Leucht-Kegel aus Keramik wurde aus wei\u00dfem Ton mit kleinen Punkten gefertigt und mit einem Sternenmuster verziert.<\/p>\n<p>An der Au\u00dfenseite ist der Kegel teilweise wei\u00df-schimmernd glasiert.<br \/>\nDie Unterseite ist ge\u00f6ffnet, sodass ein Teelicht oder auch eine elektrische Lichterkette in den Kegel gelegt werden kann.<\/p>\n<p>Durch das Muster und die Beleuchtung innen, ist der Kegel sowohl tags\u00fcber, also auch abends sch\u00f6n anzusehen.<\/p>\n<p>H\u00f6he: 15cm<\/p>\n<p>Die Beleuchtung ist nicht im Lieferumfang enthalten.<\/p>\n","protected":false},"excerpt":{"rendered":"<p>Dieser handgemachte Leucht-Kegel aus Keramik wurde aus wei\u00dfem Ton mit kleinen Punkten gefertigt und mit einem Sternenmuster verziert. An der Au\u00dfenseite ist der Kegel teilweise wei\u00df-schimmernd glasiert. Die Unterseite ist ge\u00f6ffnet, sodass ein Teelicht oder auch eine elektrische Lichterkette in den Kegel gelegt werden kann. Durch das Muster und die Beleuchtung innen, ist der Kegel &hellip; <a href=\"https:\/\/www.regionalis.shop\/naturtraeume\/shop\/leuchtkegel-weihnachten\/\">Continued<\/a><\/p>\n","protected":false},"featured_media":1719,"template":"","meta":{"_acf_changed":false},"product_brand":[],"product_cat":[173,103],"product_tag":[],"class_list":{"0":"post-1718","1":"product","2":"type-product","3":"status-publish","4":"has-post-thumbnail","6":"product_cat-weihnachten","7":"product_cat-wohnen-deko","9":"first","10":"instock","11":"purchasable","12":"product-type-simple"},"acf":[],"_links":{"self":[{"href":"https:\/\/www.regionalis.shop\/naturtraeume\/wp-json\/wp\/v2\/product\/1718","targetHints":{"allow":["GET"]}}],"collection":[{"href":"https:\/\/www.regionalis.shop\/naturtraeume\/wp-json\/wp\/v2\/product"}],"about":[{"href":"https:\/\/www.regionalis.shop\/naturtraeume\/wp-json\/wp\/v2\/types\/product"}],"wp:featuredmedia":[{"embeddable":true,"href":"https:\/\/www.regionalis.shop\/naturtraeume\/wp-json\/wp\/v2\/media\/1719"}],"wp:attachment":[{"href":"https:\/\/www.regionalis.shop\/naturtraeume\/wp-json\/wp\/v2\/media?parent=1718"}],"wp:term":[{"taxonomy":"product_brand","embeddable":true,"href":"https:\/\/www.regionalis.shop\/naturtraeume\/wp-json\/wp\/v2\/product_brand?post=1718"},{"taxonomy":"product_cat","embeddable":true,"href":"https:\/\/www.regionalis.shop\/naturtraeume\/wp-json\/wp\/v2\/product_cat?post=1718"},{"taxonomy":"product_tag","embeddable":true,"href":"https:\/\/www.regionalis.shop\/naturtraeume\/wp-json\/wp\/v2\/product_tag?post=1718"}],"curies":[{"name":"wp","href":"https:\/\/api.w.org\/{rel}","templated":true}]}}