{"id":1722,"date":"2025-04-18T04:51:00","date_gmt":"2025-04-18T02:51:00","guid":{"rendered":"https:\/\/www.regionalis.shop\/naturtraeume\/product\/geschenkanhaenger-keramikstern-weiss\/"},"modified":"2025-04-18T04:51:00","modified_gmt":"2025-04-18T02:51:00","slug":"geschenkanhaenger-keramikstern-weiss","status":"publish","type":"product","link":"https:\/\/www.regionalis.shop\/naturtraeume\/shop\/geschenkanhaenger-keramikstern-weiss\/","title":{"rendered":"Geschenkanh\u00e4nger Keramikstern wei\u00df"},"content":{"rendered":"<p>Dieser handgemachte Keramikstern wurde aus wei\u00dfem Ton hergestellt.<\/p>\n<p>Auf der Oberseite wurde der Stern wei\u00df-schimmernd glasiert.<br \/>\nDie Unterseite ist nat\u00fcrlich belassen.<\/p>\n<p>Der Stern kann entweder als reine Dekoration, aber auch als Geschenkanh\u00e4nger oder Christbaumschmuck verwendet werden.<\/p>\n<p>Durchmesser: 4,5cm<\/p>\n","protected":false},"excerpt":{"rendered":"<p>Dieser handgemachte Keramikstern wurde aus wei\u00dfem Ton hergestellt. Auf der Oberseite wurde der Stern wei\u00df-schimmernd glasiert. Die Unterseite ist nat\u00fcrlich belassen. Der Stern kann entweder als reine Dekoration, aber auch als Geschenkanh\u00e4nger oder Christbaumschmuck verwendet werden. Durchmesser: 4,5cm<\/p>\n","protected":false},"featured_media":1723,"template":"","meta":{"_acf_changed":false},"product_brand":[],"product_cat":[173,103],"product_tag":[],"class_list":{"0":"post-1722","1":"product","2":"type-product","3":"status-publish","4":"has-post-thumbnail","6":"product_cat-weihnachten","7":"product_cat-wohnen-deko","9":"first","10":"instock","11":"purchasable","12":"product-type-simple"},"acf":[],"_links":{"self":[{"href":"https:\/\/www.regionalis.shop\/naturtraeume\/wp-json\/wp\/v2\/product\/1722","targetHints":{"allow":["GET"]}}],"collection":[{"href":"https:\/\/www.regionalis.shop\/naturtraeume\/wp-json\/wp\/v2\/product"}],"about":[{"href":"https:\/\/www.regionalis.shop\/naturtraeume\/wp-json\/wp\/v2\/types\/product"}],"wp:featuredmedia":[{"embeddable":true,"href":"https:\/\/www.regionalis.shop\/naturtraeume\/wp-json\/wp\/v2\/media\/1723"}],"wp:attachment":[{"href":"https:\/\/www.regionalis.shop\/naturtraeume\/wp-json\/wp\/v2\/media?parent=1722"}],"wp:term":[{"taxonomy":"product_brand","embeddable":true,"href":"https:\/\/www.regionalis.shop\/naturtraeume\/wp-json\/wp\/v2\/product_brand?post=1722"},{"taxonomy":"product_cat","embeddable":true,"href":"https:\/\/www.regionalis.shop\/naturtraeume\/wp-json\/wp\/v2\/product_cat?post=1722"},{"taxonomy":"product_tag","embeddable":true,"href":"https:\/\/www.regionalis.shop\/naturtraeume\/wp-json\/wp\/v2\/product_tag?post=1722"}],"curies":[{"name":"wp","href":"https:\/\/api.w.org\/{rel}","templated":true}]}}