{"id":1732,"date":"2025-04-18T04:51:00","date_gmt":"2025-04-18T02:51:00","guid":{"rendered":"https:\/\/www.regionalis.shop\/naturtraeume\/product\/altholz-keramik-bild-mit-masche\/"},"modified":"2025-04-18T04:51:00","modified_gmt":"2025-04-18T02:51:00","slug":"altholz-keramik-bild-mit-masche","status":"publish","type":"product","link":"https:\/\/www.regionalis.shop\/naturtraeume\/shop\/altholz-keramik-bild-mit-masche\/","title":{"rendered":"Altholz-Keramik-Bild mit Masche"},"content":{"rendered":"<p>Das Altholzbrett wurde mit drei handgemachten Keramik-Herzen und einer wei\u00dfen Organzamasche verziert.<\/p>\n<p>Die Keramik-Herzen wurden mit Pflanzen-Druck verziert.<br \/>\nAuf der R\u00fcckseite befindet sich ein kleiner Haken zum Aufh\u00e4ngen.<\/p>\n<p>Holz: L\u00e4rche<\/p>\n<p>L\u00e4nge: 22cm<br \/>\nBreite: 14cm<\/p>\n","protected":false},"excerpt":{"rendered":"<p>Das Altholzbrett wurde mit drei handgemachten Keramik-Herzen und einer wei\u00dfen Organzamasche verziert. Die Keramik-Herzen wurden mit Pflanzen-Druck verziert. Auf der R\u00fcckseite befindet sich ein kleiner Haken zum Aufh\u00e4ngen. Holz: L\u00e4rche L\u00e4nge: 22cm Breite: 14cm<\/p>\n","protected":false},"featured_media":1733,"template":"","meta":{"_acf_changed":false},"product_brand":[],"product_cat":[174,103],"product_tag":[],"class_list":{"0":"post-1732","1":"product","2":"type-product","3":"status-publish","4":"has-post-thumbnail","6":"product_cat-wohndekoration","7":"product_cat-wohnen-deko","9":"first","10":"instock","11":"purchasable","12":"product-type-simple"},"acf":[],"_links":{"self":[{"href":"https:\/\/www.regionalis.shop\/naturtraeume\/wp-json\/wp\/v2\/product\/1732","targetHints":{"allow":["GET"]}}],"collection":[{"href":"https:\/\/www.regionalis.shop\/naturtraeume\/wp-json\/wp\/v2\/product"}],"about":[{"href":"https:\/\/www.regionalis.shop\/naturtraeume\/wp-json\/wp\/v2\/types\/product"}],"wp:featuredmedia":[{"embeddable":true,"href":"https:\/\/www.regionalis.shop\/naturtraeume\/wp-json\/wp\/v2\/media\/1733"}],"wp:attachment":[{"href":"https:\/\/www.regionalis.shop\/naturtraeume\/wp-json\/wp\/v2\/media?parent=1732"}],"wp:term":[{"taxonomy":"product_brand","embeddable":true,"href":"https:\/\/www.regionalis.shop\/naturtraeume\/wp-json\/wp\/v2\/product_brand?post=1732"},{"taxonomy":"product_cat","embeddable":true,"href":"https:\/\/www.regionalis.shop\/naturtraeume\/wp-json\/wp\/v2\/product_cat?post=1732"},{"taxonomy":"product_tag","embeddable":true,"href":"https:\/\/www.regionalis.shop\/naturtraeume\/wp-json\/wp\/v2\/product_tag?post=1732"}],"curies":[{"name":"wp","href":"https:\/\/api.w.org\/{rel}","templated":true}]}}