{"id":1736,"date":"2025-04-18T04:51:00","date_gmt":"2025-04-18T02:51:00","guid":{"rendered":"https:\/\/www.regionalis.shop\/naturtraeume\/product\/handgetoepferte-vase\/"},"modified":"2025-04-18T04:51:00","modified_gmt":"2025-04-18T02:51:00","slug":"handgetoepferte-vase","status":"publish","type":"product","link":"https:\/\/www.regionalis.shop\/naturtraeume\/shop\/handgetoepferte-vase\/","title":{"rendered":"Handget\u00f6pferte Vase"},"content":{"rendered":"<p>Diese handgemachte Vase wurde au\u00dfen mittels Pflanzen-Druck-Muster verziert, wodurch sie ihren nat\u00fcrlichen Charakter erh\u00e4lt.<\/p>\n<p>Die Vertiefungen wurden geschw\u00e4rzt und dadurch sichtbar gemacht.<br \/>\nInnen wurde die Vase transparent glasiert.<\/p>\n<p>H\u00f6he: 15,5cm<br \/>\nDurchmesser: 9cm<\/p>\n","protected":false},"excerpt":{"rendered":"<p>Diese handgemachte Vase wurde au\u00dfen mittels Pflanzen-Druck-Muster verziert, wodurch sie ihren nat\u00fcrlichen Charakter erh\u00e4lt. Die Vertiefungen wurden geschw\u00e4rzt und dadurch sichtbar gemacht. Innen wurde die Vase transparent glasiert. H\u00f6he: 15,5cm Durchmesser: 9cm<\/p>\n","protected":false},"featured_media":1737,"template":"","meta":{"_acf_changed":false},"product_brand":[],"product_cat":[174,103],"product_tag":[],"class_list":{"0":"post-1736","1":"product","2":"type-product","3":"status-publish","4":"has-post-thumbnail","6":"product_cat-wohndekoration","7":"product_cat-wohnen-deko","9":"first","10":"instock","11":"purchasable","12":"product-type-simple"},"acf":[],"_links":{"self":[{"href":"https:\/\/www.regionalis.shop\/naturtraeume\/wp-json\/wp\/v2\/product\/1736","targetHints":{"allow":["GET"]}}],"collection":[{"href":"https:\/\/www.regionalis.shop\/naturtraeume\/wp-json\/wp\/v2\/product"}],"about":[{"href":"https:\/\/www.regionalis.shop\/naturtraeume\/wp-json\/wp\/v2\/types\/product"}],"wp:featuredmedia":[{"embeddable":true,"href":"https:\/\/www.regionalis.shop\/naturtraeume\/wp-json\/wp\/v2\/media\/1737"}],"wp:attachment":[{"href":"https:\/\/www.regionalis.shop\/naturtraeume\/wp-json\/wp\/v2\/media?parent=1736"}],"wp:term":[{"taxonomy":"product_brand","embeddable":true,"href":"https:\/\/www.regionalis.shop\/naturtraeume\/wp-json\/wp\/v2\/product_brand?post=1736"},{"taxonomy":"product_cat","embeddable":true,"href":"https:\/\/www.regionalis.shop\/naturtraeume\/wp-json\/wp\/v2\/product_cat?post=1736"},{"taxonomy":"product_tag","embeddable":true,"href":"https:\/\/www.regionalis.shop\/naturtraeume\/wp-json\/wp\/v2\/product_tag?post=1736"}],"curies":[{"name":"wp","href":"https:\/\/api.w.org\/{rel}","templated":true}]}}