{"id":1757,"date":"2025-04-18T04:51:00","date_gmt":"2025-04-18T02:51:00","guid":{"rendered":"https:\/\/www.regionalis.shop\/naturtraeume\/product\/keramik-seifenschale\/"},"modified":"2025-04-18T04:51:00","modified_gmt":"2025-04-18T02:51:00","slug":"keramik-seifenschale","status":"publish","type":"product","link":"https:\/\/www.regionalis.shop\/naturtraeume\/shop\/keramik-seifenschale\/","title":{"rendered":"Keramik Seifenschale"},"content":{"rendered":"<p>Diese handgemachte Seifenschale aus Keramik wurde durch Pflanzen-Druck-Muster verziert.<\/p>\n<p>Die Vertiefungen wurden geschw\u00e4rzt und dadurch sichtbar gemacht.<br \/>\nAn der Oberseite wurde die Seifenschale transparent glasiert.<\/p>\n<p>L\u00e4nge: 11cm<br \/>\nBreite: 7cm<\/p>\n<p>Nicht Sp\u00fclmaschinen geeignet.<br \/>\nDie Seife ist nicht im Lieferumfang enthalten.<\/p>\n","protected":false},"excerpt":{"rendered":"<p>Diese handgemachte Seifenschale aus Keramik wurde durch Pflanzen-Druck-Muster verziert. Die Vertiefungen wurden geschw\u00e4rzt und dadurch sichtbar gemacht. An der Oberseite wurde die Seifenschale transparent glasiert. L\u00e4nge: 11cm Breite: 7cm Nicht Sp\u00fclmaschinen geeignet. Die Seife ist nicht im Lieferumfang enthalten.<\/p>\n","protected":false},"featured_media":1758,"template":"","meta":{"_acf_changed":false},"product_brand":[],"product_cat":[113,103],"product_tag":[],"class_list":{"0":"post-1757","1":"product","2":"type-product","3":"status-publish","4":"has-post-thumbnail","6":"product_cat-badezimmer","7":"product_cat-wohnen-deko","9":"first","10":"instock","11":"purchasable","12":"product-type-simple"},"acf":[],"_links":{"self":[{"href":"https:\/\/www.regionalis.shop\/naturtraeume\/wp-json\/wp\/v2\/product\/1757","targetHints":{"allow":["GET"]}}],"collection":[{"href":"https:\/\/www.regionalis.shop\/naturtraeume\/wp-json\/wp\/v2\/product"}],"about":[{"href":"https:\/\/www.regionalis.shop\/naturtraeume\/wp-json\/wp\/v2\/types\/product"}],"wp:featuredmedia":[{"embeddable":true,"href":"https:\/\/www.regionalis.shop\/naturtraeume\/wp-json\/wp\/v2\/media\/1758"}],"wp:attachment":[{"href":"https:\/\/www.regionalis.shop\/naturtraeume\/wp-json\/wp\/v2\/media?parent=1757"}],"wp:term":[{"taxonomy":"product_brand","embeddable":true,"href":"https:\/\/www.regionalis.shop\/naturtraeume\/wp-json\/wp\/v2\/product_brand?post=1757"},{"taxonomy":"product_cat","embeddable":true,"href":"https:\/\/www.regionalis.shop\/naturtraeume\/wp-json\/wp\/v2\/product_cat?post=1757"},{"taxonomy":"product_tag","embeddable":true,"href":"https:\/\/www.regionalis.shop\/naturtraeume\/wp-json\/wp\/v2\/product_tag?post=1757"}],"curies":[{"name":"wp","href":"https:\/\/api.w.org\/{rel}","templated":true}]}}