{"id":1761,"date":"2025-04-18T04:51:00","date_gmt":"2025-04-18T02:51:00","guid":{"rendered":"https:\/\/www.regionalis.shop\/naturtraeume\/product\/keramik-pflanzendruck-bild\/"},"modified":"2025-04-18T04:51:00","modified_gmt":"2025-04-18T02:51:00","slug":"keramik-pflanzendruck-bild","status":"publish","type":"product","link":"https:\/\/www.regionalis.shop\/naturtraeume\/shop\/keramik-pflanzendruck-bild\/","title":{"rendered":"Keramik-Pflanzendruck-Bild"},"content":{"rendered":"<p>Dieses handgemachte Keramik-Bild wurde aus wei\u00dfem Ton gefertigt.<\/p>\n<p>Die Pflanzen wurden in den noch feuchten Ton gedr\u00fcckt und die Abdr\u00fccke wurden nach dem Brennen geschw\u00e4rzt und dadurch sichtbar gemacht.<\/p>\n<p>Die beiden Platten sind durch eine braune Kordel miteinander verbunden.<br \/>\nDie gleiche Kordel dient auch als Aufh\u00e4nger f\u00fcr das Bild.<\/p>\n<p>H\u00f6he gesamt: 45cm<br \/>\nBreite: 15cm<\/p>\n","protected":false},"excerpt":{"rendered":"<p>Dieses handgemachte Keramik-Bild wurde aus wei\u00dfem Ton gefertigt. Die Pflanzen wurden in den noch feuchten Ton gedr\u00fcckt und die Abdr\u00fccke wurden nach dem Brennen geschw\u00e4rzt und dadurch sichtbar gemacht. Die beiden Platten sind durch eine braune Kordel miteinander verbunden. Die gleiche Kordel dient auch als Aufh\u00e4nger f\u00fcr das Bild. H\u00f6he gesamt: 45cm Breite: 15cm<\/p>\n","protected":false},"featured_media":1762,"template":"","meta":{"_acf_changed":false},"product_brand":[],"product_cat":[174,103],"product_tag":[],"class_list":{"0":"post-1761","1":"product","2":"type-product","3":"status-publish","4":"has-post-thumbnail","6":"product_cat-wohndekoration","7":"product_cat-wohnen-deko","9":"first","10":"instock","11":"purchasable","12":"product-type-simple"},"acf":[],"_links":{"self":[{"href":"https:\/\/www.regionalis.shop\/naturtraeume\/wp-json\/wp\/v2\/product\/1761","targetHints":{"allow":["GET"]}}],"collection":[{"href":"https:\/\/www.regionalis.shop\/naturtraeume\/wp-json\/wp\/v2\/product"}],"about":[{"href":"https:\/\/www.regionalis.shop\/naturtraeume\/wp-json\/wp\/v2\/types\/product"}],"wp:featuredmedia":[{"embeddable":true,"href":"https:\/\/www.regionalis.shop\/naturtraeume\/wp-json\/wp\/v2\/media\/1762"}],"wp:attachment":[{"href":"https:\/\/www.regionalis.shop\/naturtraeume\/wp-json\/wp\/v2\/media?parent=1761"}],"wp:term":[{"taxonomy":"product_brand","embeddable":true,"href":"https:\/\/www.regionalis.shop\/naturtraeume\/wp-json\/wp\/v2\/product_brand?post=1761"},{"taxonomy":"product_cat","embeddable":true,"href":"https:\/\/www.regionalis.shop\/naturtraeume\/wp-json\/wp\/v2\/product_cat?post=1761"},{"taxonomy":"product_tag","embeddable":true,"href":"https:\/\/www.regionalis.shop\/naturtraeume\/wp-json\/wp\/v2\/product_tag?post=1761"}],"curies":[{"name":"wp","href":"https:\/\/api.w.org\/{rel}","templated":true}]}}