{"id":1768,"date":"2025-04-18T04:50:13","date_gmt":"2025-04-18T02:50:13","guid":{"rendered":"https:\/\/www.regionalis.shop\/naturtraeume\/product\/altholz-keramik-willkommens-schild\/"},"modified":"2025-04-18T04:50:13","modified_gmt":"2025-04-18T02:50:13","slug":"altholz-keramik-willkommens-schild","status":"publish","type":"product","link":"https:\/\/www.regionalis.shop\/naturtraeume\/shop\/altholz-keramik-willkommens-schild\/","title":{"rendered":"Altholz-Keramik Willkommens-Schild"},"content":{"rendered":"<p>Dieses einzigartige Willkommens-Schild ist der Hingucker!<\/p>\n<p>Das Altholzbrett wurde mit einem handgemachten Keramik-Bild, welches durch Pflanzen-Druck entstanden ist, verziert.<\/p>\n<p>Auf der R\u00fcckseite befinden sich zwei Haken zum Befestigen.<\/p>\n<p>L\u00e4nge: 24cm<br \/>\nBreite: 20cm<\/p>\n<p>Holz: alte L\u00e4rchenholzschindel<\/p>\n","protected":false},"excerpt":{"rendered":"<p>Dieses einzigartige Willkommens-Schild ist der Hingucker! Das Altholzbrett wurde mit einem handgemachten Keramik-Bild, welches durch Pflanzen-Druck entstanden ist, verziert. Auf der R\u00fcckseite befinden sich zwei Haken zum Befestigen. L\u00e4nge: 24cm Breite: 20cm Holz: alte L\u00e4rchenholzschindel<\/p>\n","protected":false},"featured_media":1769,"template":"","meta":{"_acf_changed":false},"product_brand":[],"product_cat":[174,103],"product_tag":[],"class_list":{"0":"post-1768","1":"product","2":"type-product","3":"status-publish","4":"has-post-thumbnail","6":"product_cat-wohndekoration","7":"product_cat-wohnen-deko","9":"first","10":"instock","11":"purchasable","12":"product-type-simple"},"acf":[],"_links":{"self":[{"href":"https:\/\/www.regionalis.shop\/naturtraeume\/wp-json\/wp\/v2\/product\/1768","targetHints":{"allow":["GET"]}}],"collection":[{"href":"https:\/\/www.regionalis.shop\/naturtraeume\/wp-json\/wp\/v2\/product"}],"about":[{"href":"https:\/\/www.regionalis.shop\/naturtraeume\/wp-json\/wp\/v2\/types\/product"}],"wp:featuredmedia":[{"embeddable":true,"href":"https:\/\/www.regionalis.shop\/naturtraeume\/wp-json\/wp\/v2\/media\/1769"}],"wp:attachment":[{"href":"https:\/\/www.regionalis.shop\/naturtraeume\/wp-json\/wp\/v2\/media?parent=1768"}],"wp:term":[{"taxonomy":"product_brand","embeddable":true,"href":"https:\/\/www.regionalis.shop\/naturtraeume\/wp-json\/wp\/v2\/product_brand?post=1768"},{"taxonomy":"product_cat","embeddable":true,"href":"https:\/\/www.regionalis.shop\/naturtraeume\/wp-json\/wp\/v2\/product_cat?post=1768"},{"taxonomy":"product_tag","embeddable":true,"href":"https:\/\/www.regionalis.shop\/naturtraeume\/wp-json\/wp\/v2\/product_tag?post=1768"}],"curies":[{"name":"wp","href":"https:\/\/api.w.org\/{rel}","templated":true}]}}