{"id":1816,"date":"2025-04-18T04:14:45","date_gmt":"2025-04-18T02:14:45","guid":{"rendered":"https:\/\/www.regionalis.shop\/naturtraeume\/product\/holz-weihnachtskarte-mit-weihnachtlichen-symbolen\/"},"modified":"2025-04-18T04:14:45","modified_gmt":"2025-04-18T02:14:45","slug":"holz-weihnachtskarte-mit-weihnachtlichen-symbolen","status":"publish","type":"product","link":"https:\/\/www.regionalis.shop\/naturtraeume\/shop\/holz-weihnachtskarte-mit-weihnachtlichen-symbolen\/","title":{"rendered":"Holz Weihnachtskarte mit weihnachtlichen Symbolen"},"content":{"rendered":"<p>\u00dcberrascht eure Liebsten doch mal mit einer etwas anderen Weihnachtskarte!<\/p>\n<p>Die Karten werden mit viel Liebe zum Detail hergestellt.<\/p>\n<p>Die weihnachtlichen Symbole wurden mit dem Laser hineingebrannt.\u00a0<\/p>\n<p>Die Karte kann mit oder ohne dem kleinen Holzstern in der rechten unteren Ecke bestellt werden.<\/p>\n<p>Die Holzkarte klebt auf einem schwarzen Kraftpapier-Billett.<br \/>\nInnen befindet sich wei\u00dfes Papier, damit ihr auch noch eure pers\u00f6nlichen Worte darauf schreiben k\u00f6nnt.<\/p>\n<p>Format: A6<\/p>\n","protected":false},"excerpt":{"rendered":"<p>\u00dcberrascht eure Liebsten doch mal mit einer etwas anderen Weihnachtskarte! Die Karten werden mit viel Liebe zum Detail hergestellt. Die weihnachtlichen Symbole wurden mit dem Laser hineingebrannt.\u00a0 Die Karte kann mit oder ohne dem kleinen Holzstern in der rechten unteren Ecke bestellt werden. Die Holzkarte klebt auf einem schwarzen Kraftpapier-Billett. Innen befindet sich wei\u00dfes Papier, &hellip; <a href=\"https:\/\/www.regionalis.shop\/naturtraeume\/shop\/holz-weihnachtskarte-mit-weihnachtlichen-symbolen\/\">Continued<\/a><\/p>\n","protected":false},"featured_media":1817,"template":"","meta":{"_acf_changed":false},"product_brand":[],"product_cat":[62,101],"product_tag":[],"class_list":{"0":"post-1816","1":"product","2":"type-product","3":"status-publish","4":"has-post-thumbnail","6":"product_cat-papeterie-schreibwaren","7":"product_cat-weihnachtskarten","9":"first","10":"instock","11":"purchasable","12":"product-type-simple"},"acf":[],"_links":{"self":[{"href":"https:\/\/www.regionalis.shop\/naturtraeume\/wp-json\/wp\/v2\/product\/1816","targetHints":{"allow":["GET"]}}],"collection":[{"href":"https:\/\/www.regionalis.shop\/naturtraeume\/wp-json\/wp\/v2\/product"}],"about":[{"href":"https:\/\/www.regionalis.shop\/naturtraeume\/wp-json\/wp\/v2\/types\/product"}],"wp:featuredmedia":[{"embeddable":true,"href":"https:\/\/www.regionalis.shop\/naturtraeume\/wp-json\/wp\/v2\/media\/1817"}],"wp:attachment":[{"href":"https:\/\/www.regionalis.shop\/naturtraeume\/wp-json\/wp\/v2\/media?parent=1816"}],"wp:term":[{"taxonomy":"product_brand","embeddable":true,"href":"https:\/\/www.regionalis.shop\/naturtraeume\/wp-json\/wp\/v2\/product_brand?post=1816"},{"taxonomy":"product_cat","embeddable":true,"href":"https:\/\/www.regionalis.shop\/naturtraeume\/wp-json\/wp\/v2\/product_cat?post=1816"},{"taxonomy":"product_tag","embeddable":true,"href":"https:\/\/www.regionalis.shop\/naturtraeume\/wp-json\/wp\/v2\/product_tag?post=1816"}],"curies":[{"name":"wp","href":"https:\/\/api.w.org\/{rel}","templated":true}]}}