{"id":1821,"date":"2025-04-18T04:14:45","date_gmt":"2025-04-18T02:14:45","guid":{"rendered":"https:\/\/www.regionalis.shop\/naturtraeume\/product\/holz-weihnachtskarte-have-yourself-a-merry-little-christmas-mit-blattgoldstern\/"},"modified":"2025-04-18T04:14:45","modified_gmt":"2025-04-18T02:14:45","slug":"holz-weihnachtskarte-have-yourself-a-merry-little-christmas-mit-blattgoldstern","status":"publish","type":"product","link":"https:\/\/www.regionalis.shop\/naturtraeume\/shop\/holz-weihnachtskarte-have-yourself-a-merry-little-christmas-mit-blattgoldstern\/","title":{"rendered":"Holz Weihnachtskarte &#8222;Have yourself a Merry little Christmas&#8220; mit Blattgoldstern"},"content":{"rendered":"<p>\u00dcberrascht eure Liebsten doch mal mit einer etwas anderen Weihnachtskarte!<\/p>\n<p>Die Karten werden mit viel Liebe zum Detail hergestellt.<\/p>\n<p>Der weihnachtliche Schriftzug wurde mit dem Laser hineingebrannt.\u00a0<\/p>\n<p>Ein besonderer Hingucker ist der kleine Goldstern aus Blattgold.<\/p>\n<p>Die Holzkarte klebt auf einem schwarzen Kraftpapier-Billett.<br \/>\nInnen befindet sich wei\u00dfes Papier, damit ihr auch noch eure pers\u00f6nlichen Worte darauf schreiben k\u00f6nnt.<\/p>\n<p>Format: A6<\/p>\n","protected":false},"excerpt":{"rendered":"<p>\u00dcberrascht eure Liebsten doch mal mit einer etwas anderen Weihnachtskarte! Die Karten werden mit viel Liebe zum Detail hergestellt. Der weihnachtliche Schriftzug wurde mit dem Laser hineingebrannt.\u00a0 Ein besonderer Hingucker ist der kleine Goldstern aus Blattgold. Die Holzkarte klebt auf einem schwarzen Kraftpapier-Billett. Innen befindet sich wei\u00dfes Papier, damit ihr auch noch eure pers\u00f6nlichen Worte &hellip; <a href=\"https:\/\/www.regionalis.shop\/naturtraeume\/shop\/holz-weihnachtskarte-have-yourself-a-merry-little-christmas-mit-blattgoldstern\/\">Continued<\/a><\/p>\n","protected":false},"featured_media":1822,"template":"","meta":{"_acf_changed":false},"product_brand":[],"product_cat":[62,101],"product_tag":[],"class_list":{"0":"post-1821","1":"product","2":"type-product","3":"status-publish","4":"has-post-thumbnail","6":"product_cat-papeterie-schreibwaren","7":"product_cat-weihnachtskarten","9":"first","10":"instock","11":"purchasable","12":"product-type-simple"},"acf":[],"_links":{"self":[{"href":"https:\/\/www.regionalis.shop\/naturtraeume\/wp-json\/wp\/v2\/product\/1821","targetHints":{"allow":["GET"]}}],"collection":[{"href":"https:\/\/www.regionalis.shop\/naturtraeume\/wp-json\/wp\/v2\/product"}],"about":[{"href":"https:\/\/www.regionalis.shop\/naturtraeume\/wp-json\/wp\/v2\/types\/product"}],"wp:featuredmedia":[{"embeddable":true,"href":"https:\/\/www.regionalis.shop\/naturtraeume\/wp-json\/wp\/v2\/media\/1822"}],"wp:attachment":[{"href":"https:\/\/www.regionalis.shop\/naturtraeume\/wp-json\/wp\/v2\/media?parent=1821"}],"wp:term":[{"taxonomy":"product_brand","embeddable":true,"href":"https:\/\/www.regionalis.shop\/naturtraeume\/wp-json\/wp\/v2\/product_brand?post=1821"},{"taxonomy":"product_cat","embeddable":true,"href":"https:\/\/www.regionalis.shop\/naturtraeume\/wp-json\/wp\/v2\/product_cat?post=1821"},{"taxonomy":"product_tag","embeddable":true,"href":"https:\/\/www.regionalis.shop\/naturtraeume\/wp-json\/wp\/v2\/product_tag?post=1821"}],"curies":[{"name":"wp","href":"https:\/\/api.w.org\/{rel}","templated":true}]}}