{"id":1832,"date":"2025-04-18T04:13:49","date_gmt":"2025-04-18T02:13:49","guid":{"rendered":"https:\/\/www.regionalis.shop\/naturtraeume\/product\/weihnachtliches-shabby-chic-haeuschen-gross\/"},"modified":"2025-04-18T04:13:49","modified_gmt":"2025-04-18T02:13:49","slug":"weihnachtliches-shabby-chic-haeuschen-gross","status":"publish","type":"product","link":"https:\/\/www.regionalis.shop\/naturtraeume\/shop\/weihnachtliches-shabby-chic-haeuschen-gross\/","title":{"rendered":"Weihnachtliches Shabby Chic H\u00e4uschen &#8211; gro\u00df"},"content":{"rendered":"<p>Dieses kleine Holzh\u00e4uschen bringt ganz bestimmt Weihnachtsstimmung in euer Zuhause!<\/p>\n<p>Das H\u00e4uschen wurde gefl\u00e4mmt und anschlie\u00dfend mit wei\u00dfer Kreidefarbe im Shabby Chic-Stil bemalt.<br \/>\nAn der Vorderseite wurde es durch einen braun bemalten, kleinen Holzstern, der mit einer Jutekordel befestigt ist, verziert.<\/p>\n<p>H\u00f6he: 13,5cm<br \/>\nBreite: 6,5cm<br \/>\nTiefe: 4cm<\/p>\n","protected":false},"excerpt":{"rendered":"<p>Dieses kleine Holzh\u00e4uschen bringt ganz bestimmt Weihnachtsstimmung in euer Zuhause! Das H\u00e4uschen wurde gefl\u00e4mmt und anschlie\u00dfend mit wei\u00dfer Kreidefarbe im Shabby Chic-Stil bemalt. An der Vorderseite wurde es durch einen braun bemalten, kleinen Holzstern, der mit einer Jutekordel befestigt ist, verziert. H\u00f6he: 13,5cm Breite: 6,5cm Tiefe: 4cm<\/p>\n","protected":false},"featured_media":1833,"template":"","meta":{"_acf_changed":false},"product_brand":[],"product_cat":[174,103],"product_tag":[],"class_list":{"0":"post-1832","1":"product","2":"type-product","3":"status-publish","4":"has-post-thumbnail","6":"product_cat-wohndekoration","7":"product_cat-wohnen-deko","9":"first","10":"instock","11":"purchasable","12":"product-type-simple"},"acf":[],"_links":{"self":[{"href":"https:\/\/www.regionalis.shop\/naturtraeume\/wp-json\/wp\/v2\/product\/1832","targetHints":{"allow":["GET"]}}],"collection":[{"href":"https:\/\/www.regionalis.shop\/naturtraeume\/wp-json\/wp\/v2\/product"}],"about":[{"href":"https:\/\/www.regionalis.shop\/naturtraeume\/wp-json\/wp\/v2\/types\/product"}],"wp:featuredmedia":[{"embeddable":true,"href":"https:\/\/www.regionalis.shop\/naturtraeume\/wp-json\/wp\/v2\/media\/1833"}],"wp:attachment":[{"href":"https:\/\/www.regionalis.shop\/naturtraeume\/wp-json\/wp\/v2\/media?parent=1832"}],"wp:term":[{"taxonomy":"product_brand","embeddable":true,"href":"https:\/\/www.regionalis.shop\/naturtraeume\/wp-json\/wp\/v2\/product_brand?post=1832"},{"taxonomy":"product_cat","embeddable":true,"href":"https:\/\/www.regionalis.shop\/naturtraeume\/wp-json\/wp\/v2\/product_cat?post=1832"},{"taxonomy":"product_tag","embeddable":true,"href":"https:\/\/www.regionalis.shop\/naturtraeume\/wp-json\/wp\/v2\/product_tag?post=1832"}],"curies":[{"name":"wp","href":"https:\/\/api.w.org\/{rel}","templated":true}]}}