{"id":1840,"date":"2025-04-18T04:06:22","date_gmt":"2025-04-18T02:06:22","guid":{"rendered":"https:\/\/www.regionalis.shop\/naturtraeume\/product\/adventkranz-aus-astscheiben\/"},"modified":"2025-04-18T04:06:22","modified_gmt":"2025-04-18T02:06:22","slug":"adventkranz-aus-astscheiben","status":"publish","type":"product","link":"https:\/\/www.regionalis.shop\/naturtraeume\/shop\/adventkranz-aus-astscheiben\/","title":{"rendered":"Adventkranz aus Astscheiben"},"content":{"rendered":"<p>Dieser Adventkranz ist mal etwas anders als der klassische, runde aus Reisig.<br \/>\nDaf\u00fcr kann er jedes Jahr wieder verwendet werden!<\/p>\n<p>Er besteht aus mehreren Astscheiben-Kr\u00e4nzen und wurde mit 4 Kerzentellern mit Kerzen, B\u00e4ndern, Moos, Sternen, Orangenscheiben, Anis, Zapfen, Zimtstangen etc. mit viel Liebe verziert.<\/p>\n<p>Durchmesser: ca. 30cm<\/p>\n","protected":false},"excerpt":{"rendered":"<p>Dieser Adventkranz ist mal etwas anders als der klassische, runde aus Reisig. Daf\u00fcr kann er jedes Jahr wieder verwendet werden! Er besteht aus mehreren Astscheiben-Kr\u00e4nzen und wurde mit 4 Kerzentellern mit Kerzen, B\u00e4ndern, Moos, Sternen, Orangenscheiben, Anis, Zapfen, Zimtstangen etc. mit viel Liebe verziert. Durchmesser: ca. 30cm<\/p>\n","protected":false},"featured_media":1841,"template":"","meta":{"_acf_changed":false},"product_brand":[],"product_cat":[173,103],"product_tag":[],"class_list":{"0":"post-1840","1":"product","2":"type-product","3":"status-publish","4":"has-post-thumbnail","6":"product_cat-weihnachten","7":"product_cat-wohnen-deko","9":"first","10":"instock","11":"purchasable","12":"product-type-simple"},"acf":[],"_links":{"self":[{"href":"https:\/\/www.regionalis.shop\/naturtraeume\/wp-json\/wp\/v2\/product\/1840","targetHints":{"allow":["GET"]}}],"collection":[{"href":"https:\/\/www.regionalis.shop\/naturtraeume\/wp-json\/wp\/v2\/product"}],"about":[{"href":"https:\/\/www.regionalis.shop\/naturtraeume\/wp-json\/wp\/v2\/types\/product"}],"wp:featuredmedia":[{"embeddable":true,"href":"https:\/\/www.regionalis.shop\/naturtraeume\/wp-json\/wp\/v2\/media\/1841"}],"wp:attachment":[{"href":"https:\/\/www.regionalis.shop\/naturtraeume\/wp-json\/wp\/v2\/media?parent=1840"}],"wp:term":[{"taxonomy":"product_brand","embeddable":true,"href":"https:\/\/www.regionalis.shop\/naturtraeume\/wp-json\/wp\/v2\/product_brand?post=1840"},{"taxonomy":"product_cat","embeddable":true,"href":"https:\/\/www.regionalis.shop\/naturtraeume\/wp-json\/wp\/v2\/product_cat?post=1840"},{"taxonomy":"product_tag","embeddable":true,"href":"https:\/\/www.regionalis.shop\/naturtraeume\/wp-json\/wp\/v2\/product_tag?post=1840"}],"curies":[{"name":"wp","href":"https:\/\/api.w.org\/{rel}","templated":true}]}}