{"id":1853,"date":"2025-04-18T04:05:27","date_gmt":"2025-04-18T02:05:27","guid":{"rendered":"https:\/\/www.regionalis.shop\/naturtraeume\/product\/weihnachts-wichtel-mit-gruener-muetze-klein\/"},"modified":"2025-04-18T04:05:27","modified_gmt":"2025-04-18T02:05:27","slug":"weihnachts-wichtel-mit-gruener-muetze-klein","status":"publish","type":"product","link":"https:\/\/www.regionalis.shop\/naturtraeume\/shop\/weihnachts-wichtel-mit-gruener-muetze-klein\/","title":{"rendered":"Weihnachts-Wichtel mit gr\u00fcner M\u00fctze &#8211; klein"},"content":{"rendered":"<p>Dieser s\u00fc\u00dfe Weihnachtswichtel vers\u00fc\u00dft euch die Adventszeit ganz bestimmt!<\/p>\n<p>Er besteht aus Fichtenholz und hat eine gr\u00fcne Fleecem\u00fctze auf. Diese wird durch einen kleinen Holzstern verziert.<br \/>\nEin besonderer Hingucker ist der flauschige Pl\u00fcschbart des Wichtels.<\/p>\n<p>H\u00f6he 25cm<br \/>\nBreite: 12cm<\/p>\n","protected":false},"excerpt":{"rendered":"<p>Dieser s\u00fc\u00dfe Weihnachtswichtel vers\u00fc\u00dft euch die Adventszeit ganz bestimmt! Er besteht aus Fichtenholz und hat eine gr\u00fcne Fleecem\u00fctze auf. Diese wird durch einen kleinen Holzstern verziert. Ein besonderer Hingucker ist der flauschige Pl\u00fcschbart des Wichtels. H\u00f6he 25cm Breite: 12cm<\/p>\n","protected":false},"featured_media":1854,"template":"","meta":{"_acf_changed":false},"product_brand":[],"product_cat":[173,103],"product_tag":[],"class_list":{"0":"post-1853","1":"product","2":"type-product","3":"status-publish","4":"has-post-thumbnail","6":"product_cat-weihnachten","7":"product_cat-wohnen-deko","9":"first","10":"instock","11":"purchasable","12":"product-type-simple"},"acf":[],"_links":{"self":[{"href":"https:\/\/www.regionalis.shop\/naturtraeume\/wp-json\/wp\/v2\/product\/1853","targetHints":{"allow":["GET"]}}],"collection":[{"href":"https:\/\/www.regionalis.shop\/naturtraeume\/wp-json\/wp\/v2\/product"}],"about":[{"href":"https:\/\/www.regionalis.shop\/naturtraeume\/wp-json\/wp\/v2\/types\/product"}],"wp:featuredmedia":[{"embeddable":true,"href":"https:\/\/www.regionalis.shop\/naturtraeume\/wp-json\/wp\/v2\/media\/1854"}],"wp:attachment":[{"href":"https:\/\/www.regionalis.shop\/naturtraeume\/wp-json\/wp\/v2\/media?parent=1853"}],"wp:term":[{"taxonomy":"product_brand","embeddable":true,"href":"https:\/\/www.regionalis.shop\/naturtraeume\/wp-json\/wp\/v2\/product_brand?post=1853"},{"taxonomy":"product_cat","embeddable":true,"href":"https:\/\/www.regionalis.shop\/naturtraeume\/wp-json\/wp\/v2\/product_cat?post=1853"},{"taxonomy":"product_tag","embeddable":true,"href":"https:\/\/www.regionalis.shop\/naturtraeume\/wp-json\/wp\/v2\/product_tag?post=1853"}],"curies":[{"name":"wp","href":"https:\/\/api.w.org\/{rel}","templated":true}]}}