{"id":1863,"date":"2025-04-18T04:04:49","date_gmt":"2025-04-18T02:04:49","guid":{"rendered":"https:\/\/www.regionalis.shop\/naturtraeume\/product\/dekorative-weihnachtssaeule\/"},"modified":"2025-04-18T04:04:49","modified_gmt":"2025-04-18T02:04:49","slug":"dekorative-weihnachtssaeule","status":"publish","type":"product","link":"https:\/\/www.regionalis.shop\/naturtraeume\/shop\/dekorative-weihnachtssaeule\/","title":{"rendered":"Dekorative Weihnachtss\u00e4ule"},"content":{"rendered":"<p>Dekorative Holzs\u00e4ule aus gefl\u00e4mmtem Holz.<\/p>\n<p>Die S\u00e4ule ist am oberen Ende durch einen handgemachten, gefl\u00e4mmten Holzstern verziert. Dieser wird in der Mitte noch durch einen zus\u00e4tzlichen wei\u00dfen Rindenstern dekoriert.<br \/>\nDer Rest der S\u00e4ule ist durch ein Filzband, ebenfalls wei\u00dfe Rindensterne und Holzperlen verziert. Unter dem Holzstern ist noch ein wei\u00dfes Organzaband angebracht.<\/p>\n<p>H\u00f6he 52cm<br \/>\nBreite: 16cm<br \/>\nSockel: 18x9cm<\/p>\n","protected":false},"excerpt":{"rendered":"<p>Dekorative Holzs\u00e4ule aus gefl\u00e4mmtem Holz. Die S\u00e4ule ist am oberen Ende durch einen handgemachten, gefl\u00e4mmten Holzstern verziert. Dieser wird in der Mitte noch durch einen zus\u00e4tzlichen wei\u00dfen Rindenstern dekoriert. Der Rest der S\u00e4ule ist durch ein Filzband, ebenfalls wei\u00dfe Rindensterne und Holzperlen verziert. Unter dem Holzstern ist noch ein wei\u00dfes Organzaband angebracht. H\u00f6he 52cm Breite: &hellip; <a href=\"https:\/\/www.regionalis.shop\/naturtraeume\/shop\/dekorative-weihnachtssaeule\/\">Continued<\/a><\/p>\n","protected":false},"featured_media":1864,"template":"","meta":{"_acf_changed":false},"product_brand":[],"product_cat":[173,103],"product_tag":[],"class_list":{"0":"post-1863","1":"product","2":"type-product","3":"status-publish","4":"has-post-thumbnail","6":"product_cat-weihnachten","7":"product_cat-wohnen-deko","9":"first","10":"instock","11":"purchasable","12":"product-type-simple"},"acf":[],"_links":{"self":[{"href":"https:\/\/www.regionalis.shop\/naturtraeume\/wp-json\/wp\/v2\/product\/1863","targetHints":{"allow":["GET"]}}],"collection":[{"href":"https:\/\/www.regionalis.shop\/naturtraeume\/wp-json\/wp\/v2\/product"}],"about":[{"href":"https:\/\/www.regionalis.shop\/naturtraeume\/wp-json\/wp\/v2\/types\/product"}],"wp:featuredmedia":[{"embeddable":true,"href":"https:\/\/www.regionalis.shop\/naturtraeume\/wp-json\/wp\/v2\/media\/1864"}],"wp:attachment":[{"href":"https:\/\/www.regionalis.shop\/naturtraeume\/wp-json\/wp\/v2\/media?parent=1863"}],"wp:term":[{"taxonomy":"product_brand","embeddable":true,"href":"https:\/\/www.regionalis.shop\/naturtraeume\/wp-json\/wp\/v2\/product_brand?post=1863"},{"taxonomy":"product_cat","embeddable":true,"href":"https:\/\/www.regionalis.shop\/naturtraeume\/wp-json\/wp\/v2\/product_cat?post=1863"},{"taxonomy":"product_tag","embeddable":true,"href":"https:\/\/www.regionalis.shop\/naturtraeume\/wp-json\/wp\/v2\/product_tag?post=1863"}],"curies":[{"name":"wp","href":"https:\/\/api.w.org\/{rel}","templated":true}]}}