{"id":1871,"date":"2025-04-18T03:46:13","date_gmt":"2025-04-18T01:46:13","guid":{"rendered":"https:\/\/www.regionalis.shop\/naturtraeume\/product\/windlichtkugel-weiss-gruen-klein\/"},"modified":"2025-04-18T03:46:13","modified_gmt":"2025-04-18T01:46:13","slug":"windlichtkugel-weiss-gruen-klein","status":"publish","type":"product","link":"https:\/\/www.regionalis.shop\/naturtraeume\/shop\/windlichtkugel-weiss-gruen-klein\/","title":{"rendered":"Windlichtkugel wei\u00df-gr\u00fcn &#8211; klein"},"content":{"rendered":"<p>Diese handgemachte Windlicht-Kugel wurde aus wei\u00dfem Ton mit kleinen Punkten hergestellt.<\/p>\n<p>Au\u00dfen wurde das Windlicht wei\u00df-schimmernd glasiert.<br \/>\nInnen ist die Kugel dunkelgr\u00fcn, mit einem abrinnenden-Bl\u00e4schen-Effekt verziert.<\/p>\n<p>Nat\u00fcrlich kann die Windlicht-Kugel auch als kleine Sch\u00fcssel verwendet werden.<\/p>\n<p>Durchmesser: 10,5cm<\/p>\n","protected":false},"excerpt":{"rendered":"<p>Diese handgemachte Windlicht-Kugel wurde aus wei\u00dfem Ton mit kleinen Punkten hergestellt. Au\u00dfen wurde das Windlicht wei\u00df-schimmernd glasiert. Innen ist die Kugel dunkelgr\u00fcn, mit einem abrinnenden-Bl\u00e4schen-Effekt verziert. Nat\u00fcrlich kann die Windlicht-Kugel auch als kleine Sch\u00fcssel verwendet werden. Durchmesser: 10,5cm<\/p>\n","protected":false},"featured_media":1872,"template":"","meta":{"_acf_changed":false},"product_brand":[],"product_cat":[174,103],"product_tag":[],"class_list":{"0":"post-1871","1":"product","2":"type-product","3":"status-publish","4":"has-post-thumbnail","6":"product_cat-wohndekoration","7":"product_cat-wohnen-deko","9":"first","10":"instock","11":"purchasable","12":"product-type-simple"},"acf":[],"_links":{"self":[{"href":"https:\/\/www.regionalis.shop\/naturtraeume\/wp-json\/wp\/v2\/product\/1871","targetHints":{"allow":["GET"]}}],"collection":[{"href":"https:\/\/www.regionalis.shop\/naturtraeume\/wp-json\/wp\/v2\/product"}],"about":[{"href":"https:\/\/www.regionalis.shop\/naturtraeume\/wp-json\/wp\/v2\/types\/product"}],"wp:featuredmedia":[{"embeddable":true,"href":"https:\/\/www.regionalis.shop\/naturtraeume\/wp-json\/wp\/v2\/media\/1872"}],"wp:attachment":[{"href":"https:\/\/www.regionalis.shop\/naturtraeume\/wp-json\/wp\/v2\/media?parent=1871"}],"wp:term":[{"taxonomy":"product_brand","embeddable":true,"href":"https:\/\/www.regionalis.shop\/naturtraeume\/wp-json\/wp\/v2\/product_brand?post=1871"},{"taxonomy":"product_cat","embeddable":true,"href":"https:\/\/www.regionalis.shop\/naturtraeume\/wp-json\/wp\/v2\/product_cat?post=1871"},{"taxonomy":"product_tag","embeddable":true,"href":"https:\/\/www.regionalis.shop\/naturtraeume\/wp-json\/wp\/v2\/product_tag?post=1871"}],"curies":[{"name":"wp","href":"https:\/\/api.w.org\/{rel}","templated":true}]}}