{"id":1876,"date":"2025-04-18T03:46:13","date_gmt":"2025-04-18T01:46:13","guid":{"rendered":"https:\/\/www.regionalis.shop\/naturtraeume\/product\/kleiner-stoff-tannenbaum\/"},"modified":"2025-04-18T03:46:13","modified_gmt":"2025-04-18T01:46:13","slug":"kleiner-stoff-tannenbaum","status":"publish","type":"product","link":"https:\/\/www.regionalis.shop\/naturtraeume\/shop\/kleiner-stoff-tannenbaum\/","title":{"rendered":"Kleiner Stoff-Tannenbaum"},"content":{"rendered":"<p>Dieses kleine Stofftannenbaum wurde aus wei\u00dfem Jeansstoff gefertigt.<br \/>\nEr ist innen mit Watte gef\u00fcllt und als Sockel dient ein dickeres Astst\u00fcck.<\/p>\n<p>H\u00f6he: 19cm<br \/>\nBreite: 11cm<\/p>\n","protected":false},"excerpt":{"rendered":"<p>Dieses kleine Stofftannenbaum wurde aus wei\u00dfem Jeansstoff gefertigt. Er ist innen mit Watte gef\u00fcllt und als Sockel dient ein dickeres Astst\u00fcck. H\u00f6he: 19cm Breite: 11cm<\/p>\n","protected":false},"featured_media":1877,"template":"","meta":{"_acf_changed":false},"product_brand":[],"product_cat":[173,103],"product_tag":[],"class_list":{"0":"post-1876","1":"product","2":"type-product","3":"status-publish","4":"has-post-thumbnail","6":"product_cat-weihnachten","7":"product_cat-wohnen-deko","9":"first","10":"instock","11":"purchasable","12":"product-type-simple"},"acf":[],"_links":{"self":[{"href":"https:\/\/www.regionalis.shop\/naturtraeume\/wp-json\/wp\/v2\/product\/1876","targetHints":{"allow":["GET"]}}],"collection":[{"href":"https:\/\/www.regionalis.shop\/naturtraeume\/wp-json\/wp\/v2\/product"}],"about":[{"href":"https:\/\/www.regionalis.shop\/naturtraeume\/wp-json\/wp\/v2\/types\/product"}],"wp:featuredmedia":[{"embeddable":true,"href":"https:\/\/www.regionalis.shop\/naturtraeume\/wp-json\/wp\/v2\/media\/1877"}],"wp:attachment":[{"href":"https:\/\/www.regionalis.shop\/naturtraeume\/wp-json\/wp\/v2\/media?parent=1876"}],"wp:term":[{"taxonomy":"product_brand","embeddable":true,"href":"https:\/\/www.regionalis.shop\/naturtraeume\/wp-json\/wp\/v2\/product_brand?post=1876"},{"taxonomy":"product_cat","embeddable":true,"href":"https:\/\/www.regionalis.shop\/naturtraeume\/wp-json\/wp\/v2\/product_cat?post=1876"},{"taxonomy":"product_tag","embeddable":true,"href":"https:\/\/www.regionalis.shop\/naturtraeume\/wp-json\/wp\/v2\/product_tag?post=1876"}],"curies":[{"name":"wp","href":"https:\/\/api.w.org\/{rel}","templated":true}]}}