{"id":1879,"date":"2025-04-18T03:46:13","date_gmt":"2025-04-18T01:46:13","guid":{"rendered":"https:\/\/www.regionalis.shop\/naturtraeume\/product\/filzstern-aufsteller\/"},"modified":"2025-04-18T03:46:13","modified_gmt":"2025-04-18T01:46:13","slug":"filzstern-aufsteller","status":"publish","type":"product","link":"https:\/\/www.regionalis.shop\/naturtraeume\/shop\/filzstern-aufsteller\/","title":{"rendered":"Filzstern-Aufsteller"},"content":{"rendered":"<p>Dieser weihnachliche Aufsteller versch\u00f6nert jede Wohnung.<\/p>\n<p>Er besteht aus einem Filzstern, der mit Watte gef\u00fcllt ist.<br \/>\nAls Steher und Sockel dienen eine d\u00fcnne Holzstange und etwas dicker geschnittene Astscheibe.<br \/>\nAls zus\u00e4tzliche Verzierung ist eine wei\u00dfe Organzamasche knapp unter dem Stern angebracht.<\/p>\n<p>H\u00f6he: 29cm<br \/>\nBreite: 15cm<\/p>\n","protected":false},"excerpt":{"rendered":"<p>Dieser weihnachliche Aufsteller versch\u00f6nert jede Wohnung. Er besteht aus einem Filzstern, der mit Watte gef\u00fcllt ist. Als Steher und Sockel dienen eine d\u00fcnne Holzstange und etwas dicker geschnittene Astscheibe. Als zus\u00e4tzliche Verzierung ist eine wei\u00dfe Organzamasche knapp unter dem Stern angebracht. H\u00f6he: 29cm Breite: 15cm<\/p>\n","protected":false},"featured_media":1880,"template":"","meta":{"_acf_changed":false},"product_brand":[],"product_cat":[173,103],"product_tag":[],"class_list":{"0":"post-1879","1":"product","2":"type-product","3":"status-publish","4":"has-post-thumbnail","6":"product_cat-weihnachten","7":"product_cat-wohnen-deko","9":"first","10":"instock","11":"purchasable","12":"product-type-simple"},"acf":[],"_links":{"self":[{"href":"https:\/\/www.regionalis.shop\/naturtraeume\/wp-json\/wp\/v2\/product\/1879","targetHints":{"allow":["GET"]}}],"collection":[{"href":"https:\/\/www.regionalis.shop\/naturtraeume\/wp-json\/wp\/v2\/product"}],"about":[{"href":"https:\/\/www.regionalis.shop\/naturtraeume\/wp-json\/wp\/v2\/types\/product"}],"wp:featuredmedia":[{"embeddable":true,"href":"https:\/\/www.regionalis.shop\/naturtraeume\/wp-json\/wp\/v2\/media\/1880"}],"wp:attachment":[{"href":"https:\/\/www.regionalis.shop\/naturtraeume\/wp-json\/wp\/v2\/media?parent=1879"}],"wp:term":[{"taxonomy":"product_brand","embeddable":true,"href":"https:\/\/www.regionalis.shop\/naturtraeume\/wp-json\/wp\/v2\/product_brand?post=1879"},{"taxonomy":"product_cat","embeddable":true,"href":"https:\/\/www.regionalis.shop\/naturtraeume\/wp-json\/wp\/v2\/product_cat?post=1879"},{"taxonomy":"product_tag","embeddable":true,"href":"https:\/\/www.regionalis.shop\/naturtraeume\/wp-json\/wp\/v2\/product_tag?post=1879"}],"curies":[{"name":"wp","href":"https:\/\/api.w.org\/{rel}","templated":true}]}}