{"id":1894,"date":"2025-04-18T03:45:28","date_gmt":"2025-04-18T01:45:28","guid":{"rendered":"https:\/\/www.regionalis.shop\/naturtraeume\/product\/windlichtkugel-beige-gruen-mittel\/"},"modified":"2025-04-18T03:45:28","modified_gmt":"2025-04-18T01:45:28","slug":"windlichtkugel-beige-gruen-mittel","status":"publish","type":"product","link":"https:\/\/www.regionalis.shop\/naturtraeume\/shop\/windlichtkugel-beige-gruen-mittel\/","title":{"rendered":"Windlichtkugel beige-gr\u00fcn &#8211; mittel"},"content":{"rendered":"<p>Diese handgemachte Windlicht-Kugel wurde aus wei\u00dfem Ton mit kleinen Punkten hergestellt.<\/p>\n<p>Au\u00dfen wurde das Windlicht transparent-schimmernd glasiert.<br \/>\nInnen ist die Kugel dunkelgr\u00fcn, mit einem abrinnenden-Bl\u00e4schen-Effekt verziert.<\/p>\n<p>Nat\u00fcrlich kann die Windlicht-Kugel auch als kleine Sch\u00fcssel verwendet werden.<\/p>\n<p>Durchmesser: 12cm<\/p>\n","protected":false},"excerpt":{"rendered":"<p>Diese handgemachte Windlicht-Kugel wurde aus wei\u00dfem Ton mit kleinen Punkten hergestellt. Au\u00dfen wurde das Windlicht transparent-schimmernd glasiert. Innen ist die Kugel dunkelgr\u00fcn, mit einem abrinnenden-Bl\u00e4schen-Effekt verziert. Nat\u00fcrlich kann die Windlicht-Kugel auch als kleine Sch\u00fcssel verwendet werden. Durchmesser: 12cm<\/p>\n","protected":false},"featured_media":1895,"template":"","meta":{"_acf_changed":false},"product_brand":[],"product_cat":[174,103],"product_tag":[],"class_list":{"0":"post-1894","1":"product","2":"type-product","3":"status-publish","4":"has-post-thumbnail","6":"product_cat-wohndekoration","7":"product_cat-wohnen-deko","9":"first","10":"instock","11":"purchasable","12":"product-type-simple"},"acf":[],"_links":{"self":[{"href":"https:\/\/www.regionalis.shop\/naturtraeume\/wp-json\/wp\/v2\/product\/1894","targetHints":{"allow":["GET"]}}],"collection":[{"href":"https:\/\/www.regionalis.shop\/naturtraeume\/wp-json\/wp\/v2\/product"}],"about":[{"href":"https:\/\/www.regionalis.shop\/naturtraeume\/wp-json\/wp\/v2\/types\/product"}],"wp:featuredmedia":[{"embeddable":true,"href":"https:\/\/www.regionalis.shop\/naturtraeume\/wp-json\/wp\/v2\/media\/1895"}],"wp:attachment":[{"href":"https:\/\/www.regionalis.shop\/naturtraeume\/wp-json\/wp\/v2\/media?parent=1894"}],"wp:term":[{"taxonomy":"product_brand","embeddable":true,"href":"https:\/\/www.regionalis.shop\/naturtraeume\/wp-json\/wp\/v2\/product_brand?post=1894"},{"taxonomy":"product_cat","embeddable":true,"href":"https:\/\/www.regionalis.shop\/naturtraeume\/wp-json\/wp\/v2\/product_cat?post=1894"},{"taxonomy":"product_tag","embeddable":true,"href":"https:\/\/www.regionalis.shop\/naturtraeume\/wp-json\/wp\/v2\/product_tag?post=1894"}],"curies":[{"name":"wp","href":"https:\/\/api.w.org\/{rel}","templated":true}]}}