{"id":1899,"date":"2025-04-18T03:38:23","date_gmt":"2025-04-18T01:38:23","guid":{"rendered":"https:\/\/www.regionalis.shop\/naturtraeume\/product\/windlicht-kugel-in-steinoptik-gross\/"},"modified":"2025-04-18T03:38:23","modified_gmt":"2025-04-18T01:38:23","slug":"windlicht-kugel-in-steinoptik-gross","status":"publish","type":"product","link":"https:\/\/www.regionalis.shop\/naturtraeume\/shop\/windlicht-kugel-in-steinoptik-gross\/","title":{"rendered":"Windlicht-Kugel in Steinoptik &#8211; gro\u00df"},"content":{"rendered":"<p>Diese handgemachte Windlicht-Kugel wurde aus Ton in Steinoptik hergestellt.<\/p>\n<p>Durch Abwaschen des noch\u00a0 ungebrannten Tons kommt die steinige Oberfl\u00e4che der Kugel zustande.<br \/>\nDas Windlicht wurde auf der Innenseite silber-grau (mit Perleffekt) glasiert. Wenn ein Teelicht darin angez\u00fcndet wird, gl\u00e4nzt die Kugel innen silber-golden.<\/p>\n<p>Durchmesser: 14cm<br \/>\nNicht Sp\u00fclmaschinen geeignet.<\/p>\n","protected":false},"excerpt":{"rendered":"<p>Diese handgemachte Windlicht-Kugel wurde aus Ton in Steinoptik hergestellt. Durch Abwaschen des noch\u00a0 ungebrannten Tons kommt die steinige Oberfl\u00e4che der Kugel zustande. Das Windlicht wurde auf der Innenseite silber-grau (mit Perleffekt) glasiert. Wenn ein Teelicht darin angez\u00fcndet wird, gl\u00e4nzt die Kugel innen silber-golden. Durchmesser: 14cm Nicht Sp\u00fclmaschinen geeignet.<\/p>\n","protected":false},"featured_media":1900,"template":"","meta":{"_acf_changed":false},"product_brand":[],"product_cat":[174,103],"product_tag":[],"class_list":{"0":"post-1899","1":"product","2":"type-product","3":"status-publish","4":"has-post-thumbnail","6":"product_cat-wohndekoration","7":"product_cat-wohnen-deko","9":"first","10":"instock","11":"purchasable","12":"product-type-simple"},"acf":[],"_links":{"self":[{"href":"https:\/\/www.regionalis.shop\/naturtraeume\/wp-json\/wp\/v2\/product\/1899","targetHints":{"allow":["GET"]}}],"collection":[{"href":"https:\/\/www.regionalis.shop\/naturtraeume\/wp-json\/wp\/v2\/product"}],"about":[{"href":"https:\/\/www.regionalis.shop\/naturtraeume\/wp-json\/wp\/v2\/types\/product"}],"wp:featuredmedia":[{"embeddable":true,"href":"https:\/\/www.regionalis.shop\/naturtraeume\/wp-json\/wp\/v2\/media\/1900"}],"wp:attachment":[{"href":"https:\/\/www.regionalis.shop\/naturtraeume\/wp-json\/wp\/v2\/media?parent=1899"}],"wp:term":[{"taxonomy":"product_brand","embeddable":true,"href":"https:\/\/www.regionalis.shop\/naturtraeume\/wp-json\/wp\/v2\/product_brand?post=1899"},{"taxonomy":"product_cat","embeddable":true,"href":"https:\/\/www.regionalis.shop\/naturtraeume\/wp-json\/wp\/v2\/product_cat?post=1899"},{"taxonomy":"product_tag","embeddable":true,"href":"https:\/\/www.regionalis.shop\/naturtraeume\/wp-json\/wp\/v2\/product_tag?post=1899"}],"curies":[{"name":"wp","href":"https:\/\/api.w.org\/{rel}","templated":true}]}}