{"id":1907,"date":"2025-04-18T03:38:23","date_gmt":"2025-04-18T01:38:23","guid":{"rendered":"https:\/\/www.regionalis.shop\/naturtraeume\/product\/windlicht-kugel-mit-pflanzen-druck-muster-mittel\/"},"modified":"2025-04-18T03:38:23","modified_gmt":"2025-04-18T01:38:23","slug":"windlicht-kugel-mit-pflanzen-druck-muster-mittel","status":"publish","type":"product","link":"https:\/\/www.regionalis.shop\/naturtraeume\/shop\/windlicht-kugel-mit-pflanzen-druck-muster-mittel\/","title":{"rendered":"Windlicht-Kugel mit Pflanzen-Druck-Muster &#8211; mittel"},"content":{"rendered":"<p>Diese handgemachte Windlicht-Kugel aus Keramik wurde durch Pflanzen-Druck-Muster verziert.<br \/>\nDie Vertiefungen wurden geschw\u00e4rzt und dadurch sichtbar gemacht.<br \/>\nDas Windlicht wurde auf der Innenseite dunkelbraun glasiert.<br \/>\nWenn ein Teelicht darin angez\u00fcndet wird, gl\u00e4nzt die Kugel innen orange-braun.<\/p>\n<p>Durchmesser: 11cm<br \/>\nNicht Sp\u00fclmaschinen geeignet.<\/p>\n","protected":false},"excerpt":{"rendered":"<p>Diese handgemachte Windlicht-Kugel aus Keramik wurde durch Pflanzen-Druck-Muster verziert. Die Vertiefungen wurden geschw\u00e4rzt und dadurch sichtbar gemacht. Das Windlicht wurde auf der Innenseite dunkelbraun glasiert. Wenn ein Teelicht darin angez\u00fcndet wird, gl\u00e4nzt die Kugel innen orange-braun. Durchmesser: 11cm Nicht Sp\u00fclmaschinen geeignet.<\/p>\n","protected":false},"featured_media":1908,"template":"","meta":{"_acf_changed":false},"product_brand":[],"product_cat":[174,103],"product_tag":[],"class_list":{"0":"post-1907","1":"product","2":"type-product","3":"status-publish","4":"has-post-thumbnail","6":"product_cat-wohndekoration","7":"product_cat-wohnen-deko","9":"first","10":"instock","11":"purchasable","12":"product-type-simple"},"acf":[],"_links":{"self":[{"href":"https:\/\/www.regionalis.shop\/naturtraeume\/wp-json\/wp\/v2\/product\/1907","targetHints":{"allow":["GET"]}}],"collection":[{"href":"https:\/\/www.regionalis.shop\/naturtraeume\/wp-json\/wp\/v2\/product"}],"about":[{"href":"https:\/\/www.regionalis.shop\/naturtraeume\/wp-json\/wp\/v2\/types\/product"}],"wp:featuredmedia":[{"embeddable":true,"href":"https:\/\/www.regionalis.shop\/naturtraeume\/wp-json\/wp\/v2\/media\/1908"}],"wp:attachment":[{"href":"https:\/\/www.regionalis.shop\/naturtraeume\/wp-json\/wp\/v2\/media?parent=1907"}],"wp:term":[{"taxonomy":"product_brand","embeddable":true,"href":"https:\/\/www.regionalis.shop\/naturtraeume\/wp-json\/wp\/v2\/product_brand?post=1907"},{"taxonomy":"product_cat","embeddable":true,"href":"https:\/\/www.regionalis.shop\/naturtraeume\/wp-json\/wp\/v2\/product_cat?post=1907"},{"taxonomy":"product_tag","embeddable":true,"href":"https:\/\/www.regionalis.shop\/naturtraeume\/wp-json\/wp\/v2\/product_tag?post=1907"}],"curies":[{"name":"wp","href":"https:\/\/api.w.org\/{rel}","templated":true}]}}