{"id":1920,"date":"2025-04-18T03:37:57","date_gmt":"2025-04-18T01:37:57","guid":{"rendered":"https:\/\/www.regionalis.shop\/naturtraeume\/product\/dekorative-herbstsaeule-blatt\/"},"modified":"2025-04-18T03:37:57","modified_gmt":"2025-04-18T01:37:57","slug":"dekorative-herbstsaeule-blatt","status":"publish","type":"product","link":"https:\/\/www.regionalis.shop\/naturtraeume\/shop\/dekorative-herbstsaeule-blatt\/","title":{"rendered":"Dekorative Herbsts\u00e4ule &#8222;Blatt&#8220;"},"content":{"rendered":"<p>Dekorative Holzs\u00e4ule aus gefl\u00e4mmtem Holz.<\/p>\n<p>Die S\u00e4ule ist am oberen Ende durch ein handgemachtes und selbst bemaltes Holzblatt verziert.<br \/>\nDer Rest der S\u00e4ule ist durch herbstliche Accessoires, wie ein beiges Spitzenband, ein wei\u00dfes Blatt aus Rinde und Bl\u00e4tter aus Holz verziert.<\/p>\n<p>H\u00f6he 49cm<br \/>\nBreite: 9cm<br \/>\nSockel: 15x9cm<\/p>\n","protected":false},"excerpt":{"rendered":"<p>Dekorative Holzs\u00e4ule aus gefl\u00e4mmtem Holz. Die S\u00e4ule ist am oberen Ende durch ein handgemachtes und selbst bemaltes Holzblatt verziert. Der Rest der S\u00e4ule ist durch herbstliche Accessoires, wie ein beiges Spitzenband, ein wei\u00dfes Blatt aus Rinde und Bl\u00e4tter aus Holz verziert. H\u00f6he 49cm Breite: 9cm Sockel: 15x9cm<\/p>\n","protected":false},"featured_media":1921,"template":"","meta":{"_acf_changed":false},"product_brand":[],"product_cat":[174,103],"product_tag":[],"class_list":{"0":"post-1920","1":"product","2":"type-product","3":"status-publish","4":"has-post-thumbnail","6":"product_cat-wohndekoration","7":"product_cat-wohnen-deko","9":"first","10":"instock","11":"purchasable","12":"product-type-simple"},"acf":[],"_links":{"self":[{"href":"https:\/\/www.regionalis.shop\/naturtraeume\/wp-json\/wp\/v2\/product\/1920","targetHints":{"allow":["GET"]}}],"collection":[{"href":"https:\/\/www.regionalis.shop\/naturtraeume\/wp-json\/wp\/v2\/product"}],"about":[{"href":"https:\/\/www.regionalis.shop\/naturtraeume\/wp-json\/wp\/v2\/types\/product"}],"wp:featuredmedia":[{"embeddable":true,"href":"https:\/\/www.regionalis.shop\/naturtraeume\/wp-json\/wp\/v2\/media\/1921"}],"wp:attachment":[{"href":"https:\/\/www.regionalis.shop\/naturtraeume\/wp-json\/wp\/v2\/media?parent=1920"}],"wp:term":[{"taxonomy":"product_brand","embeddable":true,"href":"https:\/\/www.regionalis.shop\/naturtraeume\/wp-json\/wp\/v2\/product_brand?post=1920"},{"taxonomy":"product_cat","embeddable":true,"href":"https:\/\/www.regionalis.shop\/naturtraeume\/wp-json\/wp\/v2\/product_cat?post=1920"},{"taxonomy":"product_tag","embeddable":true,"href":"https:\/\/www.regionalis.shop\/naturtraeume\/wp-json\/wp\/v2\/product_tag?post=1920"}],"curies":[{"name":"wp","href":"https:\/\/api.w.org\/{rel}","templated":true}]}}