{"id":1928,"date":"2025-04-18T03:31:23","date_gmt":"2025-04-18T01:31:23","guid":{"rendered":"https:\/\/www.regionalis.shop\/naturtraeume\/product\/altholz-keramik-bild-eiche-2\/"},"modified":"2025-04-18T03:31:23","modified_gmt":"2025-04-18T01:31:23","slug":"altholz-keramik-bild-eiche-2","status":"publish","type":"product","link":"https:\/\/www.regionalis.shop\/naturtraeume\/shop\/altholz-keramik-bild-eiche-2\/","title":{"rendered":"Altholz-Keramik-Bild &#8211; Eiche"},"content":{"rendered":"<p>Dieses alte Eichenholzbrett wurde mit einem handgemachten Keramik-Bild verziert.<\/p>\n<p>Das Keramik-Bild wurde mit Pflanzen-Druck verziert, welcher durch Schw\u00e4rzen sichtbar gemacht wurde.<\/p>\n<p>Auf der R\u00fcckseite befindet sich ein Haken zum Aufh\u00e4ngen.<\/p>\n<p>Holz: Eiche<\/p>\n<p>H\u00f6he: 30cm<br \/>\nBreite: 21cm<\/p>\n","protected":false},"excerpt":{"rendered":"<p>Dieses alte Eichenholzbrett wurde mit einem handgemachten Keramik-Bild verziert. Das Keramik-Bild wurde mit Pflanzen-Druck verziert, welcher durch Schw\u00e4rzen sichtbar gemacht wurde. Auf der R\u00fcckseite befindet sich ein Haken zum Aufh\u00e4ngen. Holz: Eiche H\u00f6he: 30cm Breite: 21cm<\/p>\n","protected":false},"featured_media":1929,"template":"","meta":{"_acf_changed":false},"product_brand":[],"product_cat":[174,103],"product_tag":[],"class_list":{"0":"post-1928","1":"product","2":"type-product","3":"status-publish","4":"has-post-thumbnail","6":"product_cat-wohndekoration","7":"product_cat-wohnen-deko","9":"first","10":"instock","11":"purchasable","12":"product-type-simple"},"acf":[],"_links":{"self":[{"href":"https:\/\/www.regionalis.shop\/naturtraeume\/wp-json\/wp\/v2\/product\/1928","targetHints":{"allow":["GET"]}}],"collection":[{"href":"https:\/\/www.regionalis.shop\/naturtraeume\/wp-json\/wp\/v2\/product"}],"about":[{"href":"https:\/\/www.regionalis.shop\/naturtraeume\/wp-json\/wp\/v2\/types\/product"}],"wp:featuredmedia":[{"embeddable":true,"href":"https:\/\/www.regionalis.shop\/naturtraeume\/wp-json\/wp\/v2\/media\/1929"}],"wp:attachment":[{"href":"https:\/\/www.regionalis.shop\/naturtraeume\/wp-json\/wp\/v2\/media?parent=1928"}],"wp:term":[{"taxonomy":"product_brand","embeddable":true,"href":"https:\/\/www.regionalis.shop\/naturtraeume\/wp-json\/wp\/v2\/product_brand?post=1928"},{"taxonomy":"product_cat","embeddable":true,"href":"https:\/\/www.regionalis.shop\/naturtraeume\/wp-json\/wp\/v2\/product_cat?post=1928"},{"taxonomy":"product_tag","embeddable":true,"href":"https:\/\/www.regionalis.shop\/naturtraeume\/wp-json\/wp\/v2\/product_tag?post=1928"}],"curies":[{"name":"wp","href":"https:\/\/api.w.org\/{rel}","templated":true}]}}