{"id":1932,"date":"2025-04-18T03:30:51","date_gmt":"2025-04-18T01:30:51","guid":{"rendered":"https:\/\/www.regionalis.shop\/naturtraeume\/product\/keramik-pflanzendruck-bild-willkommen\/"},"modified":"2025-04-18T03:30:51","modified_gmt":"2025-04-18T01:30:51","slug":"keramik-pflanzendruck-bild-willkommen","status":"publish","type":"product","link":"https:\/\/www.regionalis.shop\/naturtraeume\/shop\/keramik-pflanzendruck-bild-willkommen\/","title":{"rendered":"Keramik-Pflanzendruck-Bild &#8222;Willkommen&#8220;"},"content":{"rendered":"<p>Dieses handgemachte Willkommens-Schild wurde aus wei\u00dfem Ton gefertigt.<\/p>\n<p>Die Pflanzen wurden in den noch feuchten Ton gedr\u00fcckt und die Abdr\u00fccke wurden nach dem Brennen geschw\u00e4rzt und dadurch sichtbar gemacht.<\/p>\n<p>Als Aufh\u00e4nger dient eine braune Kordel. <\/p>\n<p>H\u00f6he gesamt: 32cm<br \/>\nBreite: 23cm<\/p>\n","protected":false},"excerpt":{"rendered":"<p>Dieses handgemachte Willkommens-Schild wurde aus wei\u00dfem Ton gefertigt. Die Pflanzen wurden in den noch feuchten Ton gedr\u00fcckt und die Abdr\u00fccke wurden nach dem Brennen geschw\u00e4rzt und dadurch sichtbar gemacht. Als Aufh\u00e4nger dient eine braune Kordel. H\u00f6he gesamt: 32cm Breite: 23cm<\/p>\n","protected":false},"featured_media":1933,"template":"","meta":{"_acf_changed":false},"product_brand":[],"product_cat":[174,103],"product_tag":[],"class_list":{"0":"post-1932","1":"product","2":"type-product","3":"status-publish","4":"has-post-thumbnail","6":"product_cat-wohndekoration","7":"product_cat-wohnen-deko","9":"first","10":"instock","11":"purchasable","12":"product-type-simple"},"acf":[],"_links":{"self":[{"href":"https:\/\/www.regionalis.shop\/naturtraeume\/wp-json\/wp\/v2\/product\/1932","targetHints":{"allow":["GET"]}}],"collection":[{"href":"https:\/\/www.regionalis.shop\/naturtraeume\/wp-json\/wp\/v2\/product"}],"about":[{"href":"https:\/\/www.regionalis.shop\/naturtraeume\/wp-json\/wp\/v2\/types\/product"}],"wp:featuredmedia":[{"embeddable":true,"href":"https:\/\/www.regionalis.shop\/naturtraeume\/wp-json\/wp\/v2\/media\/1933"}],"wp:attachment":[{"href":"https:\/\/www.regionalis.shop\/naturtraeume\/wp-json\/wp\/v2\/media?parent=1932"}],"wp:term":[{"taxonomy":"product_brand","embeddable":true,"href":"https:\/\/www.regionalis.shop\/naturtraeume\/wp-json\/wp\/v2\/product_brand?post=1932"},{"taxonomy":"product_cat","embeddable":true,"href":"https:\/\/www.regionalis.shop\/naturtraeume\/wp-json\/wp\/v2\/product_cat?post=1932"},{"taxonomy":"product_tag","embeddable":true,"href":"https:\/\/www.regionalis.shop\/naturtraeume\/wp-json\/wp\/v2\/product_tag?post=1932"}],"curies":[{"name":"wp","href":"https:\/\/api.w.org\/{rel}","templated":true}]}}